{"id":17132,"date":"2021-06-14T14:02:08","date_gmt":"2021-06-14T14:02:08","guid":{"rendered":"http:\/\/www.manfredihotels.com\/palazzo-manfredi-eventi-e-banqueting\/"},"modified":"2022-01-12T19:12:08","modified_gmt":"2022-01-12T19:12:08","slug":"palazzo-manfredi-eventi-e-banqueting","status":"publish","type":"page","link":"https:\/\/www.manfredihotels.com\/fr\/aroma\/evenements-banquets\/","title":{"rendered":"Aroma &#8211; \u00c9v\u00e9nements et banquets"},"content":{"rendered":"","protected":false},"excerpt":{"rendered":"","protected":false},"author":13,"featured_media":0,"parent":0,"menu_order":0,"comment_status":"closed","ping_status":"closed","template":"template-other-page-manfredi.php","meta":{"_acf_changed":false,"footnotes":""},"class_list":["post-17132","page","type-page","status-publish","hentry"],"acf":[],"yoast_head":"<!-- This site is optimized with the Yoast SEO plugin v24.0 - https:\/\/yoast.com\/wordpress\/plugins\/seo\/ -->\n<title>Aroma - \u00c9v\u00e9nements et banquets - Manfredi Fine Hotels Collection<\/title>\n<meta name=\"description\" content=\"Une terrasse avec une vue incomparable sur le Colis\u00e9e est le cadre id\u00e9al pour donner une touche encore plus exclusive \u00e0 chaque moment sp\u00e9cial. Le restaurant Aroma peut \u00eatre r\u00e9serv\u00e9 pour organiser des \u00e9v\u00e9nements\" \/>\n<meta name=\"robots\" content=\"index, follow, max-snippet:-1, max-image-preview:large, max-video-preview:-1\" \/>\n<link rel=\"canonical\" href=\"https:\/\/www.manfredihotels.com\/fr\/aroma\/evenements-banquets\/\" \/>\n<meta property=\"og:locale\" content=\"fr_FR\" \/>\n<meta property=\"og:type\" content=\"article\" \/>\n<meta property=\"og:title\" content=\"Aroma - \u00c9v\u00e9nements et banquets - Manfredi Fine Hotels Collection\" \/>\n<meta property=\"og:description\" content=\"Une terrasse avec une vue incomparable sur le Colis\u00e9e est le cadre id\u00e9al pour donner une touche encore plus exclusive \u00e0 chaque moment sp\u00e9cial. Le restaurant Aroma peut \u00eatre r\u00e9serv\u00e9 pour organiser des \u00e9v\u00e9nements\" \/>\n<meta property=\"og:url\" content=\"https:\/\/www.manfredihotels.com\/fr\/aroma\/evenements-banquets\/\" \/>\n<meta property=\"og:site_name\" content=\"Manfredi Fine Hotels Collection\" \/>\n<meta property=\"article:modified_time\" content=\"2022-01-12T19:12:08+00:00\" \/>\n<meta name=\"twitter:card\" content=\"summary_large_image\" \/>\n<script type=\"application\/ld+json\" class=\"yoast-schema-graph\">{\"@context\":\"https:\/\/schema.org\",\"@graph\":[{\"@type\":\"WebPage\",\"@id\":\"https:\/\/www.manfredihotels.com\/fr\/aroma\/evenements-banquets\/\",\"url\":\"https:\/\/www.manfredihotels.com\/fr\/aroma\/evenements-banquets\/\",\"name\":\"Aroma - \u00c9v\u00e9nements et banquets - Manfredi Fine Hotels Collection\",\"isPartOf\":{\"@id\":\"https:\/\/www.manfredihotels.com\/fr\/#website\"},\"datePublished\":\"2021-06-14T14:02:08+00:00\",\"dateModified\":\"2022-01-12T19:12:08+00:00\",\"description\":\"Une terrasse avec une vue incomparable sur le Colis\u00e9e est le cadre id\u00e9al pour donner une touche encore plus exclusive \u00e0 chaque moment sp\u00e9cial. Le restaurant Aroma peut \u00eatre r\u00e9serv\u00e9 pour organiser des \u00e9v\u00e9nements\",\"breadcrumb\":{\"@id\":\"https:\/\/www.manfredihotels.com\/fr\/aroma\/evenements-banquets\/#breadcrumb\"},\"inLanguage\":\"fr-FR\",\"potentialAction\":[{\"@type\":\"ReadAction\",\"target\":[\"https:\/\/www.manfredihotels.com\/fr\/aroma\/evenements-banquets\/\"]}]},{\"@type\":\"BreadcrumbList\",\"@id\":\"https:\/\/www.manfredihotels.com\/fr\/aroma\/evenements-banquets\/#breadcrumb\",\"itemListElement\":[{\"@type\":\"ListItem\",\"position\":1,\"name\":\"Home\",\"item\":\"https:\/\/www.manfredihotels.com\/fr\/\"},{\"@type\":\"ListItem\",\"position\":2,\"name\":\"Aroma &#8211; \u00c9v\u00e9nements et banquets\"}]},{\"@type\":\"WebSite\",\"@id\":\"https:\/\/www.manfredihotels.com\/fr\/#website\",\"url\":\"https:\/\/www.manfredihotels.com\/fr\/\",\"name\":\"Manfredi Fine Hotels Collection\",\"description\":\"Live the extraordinary\",\"publisher\":{\"@id\":\"https:\/\/www.manfredihotels.com\/fr\/#organization\"},\"potentialAction\":[{\"@type\":\"SearchAction\",\"target\":{\"@type\":\"EntryPoint\",\"urlTemplate\":\"https:\/\/www.manfredihotels.com\/fr\/?s={search_term_string}\"},\"query-input\":{\"@type\":\"PropertyValueSpecification\",\"valueRequired\":true,\"valueName\":\"search_term_string\"}}],\"inLanguage\":\"fr-FR\"},{\"@type\":\"Organization\",\"@id\":\"https:\/\/www.manfredihotels.com\/fr\/#organization\",\"name\":\"Manfredi Collection\",\"url\":\"https:\/\/www.manfredihotels.com\/fr\/\",\"logo\":{\"@type\":\"ImageObject\",\"inLanguage\":\"fr-FR\",\"@id\":\"https:\/\/www.manfredihotels.com\/fr\/#\/schema\/logo\/image\/\",\"url\":\"https:\/\/www.manfredihotels.com\/wp-content\/uploads\/2020\/03\/Manfredi-Simbolo.png\",\"contentUrl\":\"https:\/\/www.manfredihotels.com\/wp-content\/uploads\/2020\/03\/Manfredi-Simbolo.png\",\"width\":130,\"height\":184,\"caption\":\"Manfredi Collection\"},\"image\":{\"@id\":\"https:\/\/www.manfredihotels.com\/fr\/#\/schema\/logo\/image\/\"}}]}<\/script>\n<!-- \/ Yoast SEO plugin. -->","yoast_head_json":{"title":"Aroma - \u00c9v\u00e9nements et banquets - Manfredi Fine Hotels Collection","description":"Une terrasse avec une vue incomparable sur le Colis\u00e9e est le cadre id\u00e9al pour donner une touche encore plus exclusive \u00e0 chaque moment sp\u00e9cial. Le restaurant Aroma peut \u00eatre r\u00e9serv\u00e9 pour organiser des \u00e9v\u00e9nements","robots":{"index":"index","follow":"follow","max-snippet":"max-snippet:-1","max-image-preview":"max-image-preview:large","max-video-preview":"max-video-preview:-1"},"canonical":"https:\/\/www.manfredihotels.com\/fr\/aroma\/evenements-banquets\/","og_locale":"fr_FR","og_type":"article","og_title":"Aroma - \u00c9v\u00e9nements et banquets - Manfredi Fine Hotels Collection","og_description":"Une terrasse avec une vue incomparable sur le Colis\u00e9e est le cadre id\u00e9al pour donner une touche encore plus exclusive \u00e0 chaque moment sp\u00e9cial. Le restaurant Aroma peut \u00eatre r\u00e9serv\u00e9 pour organiser des \u00e9v\u00e9nements","og_url":"https:\/\/www.manfredihotels.com\/fr\/aroma\/evenements-banquets\/","og_site_name":"Manfredi Fine Hotels Collection","article_modified_time":"2022-01-12T19:12:08+00:00","twitter_card":"summary_large_image","schema":{"@context":"https:\/\/schema.org","@graph":[{"@type":"WebPage","@id":"https:\/\/www.manfredihotels.com\/fr\/aroma\/evenements-banquets\/","url":"https:\/\/www.manfredihotels.com\/fr\/aroma\/evenements-banquets\/","name":"Aroma - \u00c9v\u00e9nements et banquets - Manfredi Fine Hotels Collection","isPartOf":{"@id":"https:\/\/www.manfredihotels.com\/fr\/#website"},"datePublished":"2021-06-14T14:02:08+00:00","dateModified":"2022-01-12T19:12:08+00:00","description":"Une terrasse avec une vue incomparable sur le Colis\u00e9e est le cadre id\u00e9al pour donner une touche encore plus exclusive \u00e0 chaque moment sp\u00e9cial. Le restaurant Aroma peut \u00eatre r\u00e9serv\u00e9 pour organiser des \u00e9v\u00e9nements","breadcrumb":{"@id":"https:\/\/www.manfredihotels.com\/fr\/aroma\/evenements-banquets\/#breadcrumb"},"inLanguage":"fr-FR","potentialAction":[{"@type":"ReadAction","target":["https:\/\/www.manfredihotels.com\/fr\/aroma\/evenements-banquets\/"]}]},{"@type":"BreadcrumbList","@id":"https:\/\/www.manfredihotels.com\/fr\/aroma\/evenements-banquets\/#breadcrumb","itemListElement":[{"@type":"ListItem","position":1,"name":"Home","item":"https:\/\/www.manfredihotels.com\/fr\/"},{"@type":"ListItem","position":2,"name":"Aroma &#8211; \u00c9v\u00e9nements et banquets"}]},{"@type":"WebSite","@id":"https:\/\/www.manfredihotels.com\/fr\/#website","url":"https:\/\/www.manfredihotels.com\/fr\/","name":"Manfredi Fine Hotels Collection","description":"Live the extraordinary","publisher":{"@id":"https:\/\/www.manfredihotels.com\/fr\/#organization"},"potentialAction":[{"@type":"SearchAction","target":{"@type":"EntryPoint","urlTemplate":"https:\/\/www.manfredihotels.com\/fr\/?s={search_term_string}"},"query-input":{"@type":"PropertyValueSpecification","valueRequired":true,"valueName":"search_term_string"}}],"inLanguage":"fr-FR"},{"@type":"Organization","@id":"https:\/\/www.manfredihotels.com\/fr\/#organization","name":"Manfredi Collection","url":"https:\/\/www.manfredihotels.com\/fr\/","logo":{"@type":"ImageObject","inLanguage":"fr-FR","@id":"https:\/\/www.manfredihotels.com\/fr\/#\/schema\/logo\/image\/","url":"https:\/\/www.manfredihotels.com\/wp-content\/uploads\/2020\/03\/Manfredi-Simbolo.png","contentUrl":"https:\/\/www.manfredihotels.com\/wp-content\/uploads\/2020\/03\/Manfredi-Simbolo.png","width":130,"height":184,"caption":"Manfredi Collection"},"image":{"@id":"https:\/\/www.manfredihotels.com\/fr\/#\/schema\/logo\/image\/"}}]}},"publishpress_future_action":{"enabled":false,"date":"2026-04-19 16:22:28","action":"change-status","newStatus":"draft","terms":[],"taxonomy":"translation_priority"},"publishpress_future_workflow_manual_trigger":{"enabledWorkflows":[]},"_links":{"self":[{"href":"https:\/\/www.manfredihotels.com\/fr\/wp-json\/wp\/v2\/pages\/17132","targetHints":{"allow":["GET"]}}],"collection":[{"href":"https:\/\/www.manfredihotels.com\/fr\/wp-json\/wp\/v2\/pages"}],"about":[{"href":"https:\/\/www.manfredihotels.com\/fr\/wp-json\/wp\/v2\/types\/page"}],"author":[{"embeddable":true,"href":"https:\/\/www.manfredihotels.com\/fr\/wp-json\/wp\/v2\/users\/13"}],"replies":[{"embeddable":true,"href":"https:\/\/www.manfredihotels.com\/fr\/wp-json\/wp\/v2\/comments?post=17132"}],"version-history":[{"count":11,"href":"https:\/\/www.manfredihotels.com\/fr\/wp-json\/wp\/v2\/pages\/17132\/revisions"}],"predecessor-version":[{"id":29802,"href":"https:\/\/www.manfredihotels.com\/fr\/wp-json\/wp\/v2\/pages\/17132\/revisions\/29802"}],"wp:attachment":[{"href":"https:\/\/www.manfredihotels.com\/fr\/wp-json\/wp\/v2\/media?parent=17132"}],"curies":[{"name":"wp","href":"https:\/\/api.w.org\/{rel}","templated":true}]}}