{"id":17212,"date":"2021-02-21T17:36:57","date_gmt":"2021-02-21T17:36:57","guid":{"rendered":"http:\/\/www.manfredihotels.com\/home\/filosofia\/"},"modified":"2021-12-27T16:52:07","modified_gmt":"2021-12-27T16:52:07","slug":"filosofia","status":"publish","type":"page","link":"https:\/\/www.manfredihotels.com\/fr\/philosophie\/","title":{"rendered":"Philosophie"},"content":{"rendered":"","protected":false},"excerpt":{"rendered":"","protected":false},"author":1,"featured_media":7501,"parent":17108,"menu_order":0,"comment_status":"closed","ping_status":"closed","template":"template-other-page-manfredi.php","meta":{"_acf_changed":false,"footnotes":""},"class_list":["post-17212","page","type-page","status-publish","has-post-thumbnail","hentry"],"acf":[],"yoast_head":"<!-- This site is optimized with the Yoast SEO plugin v24.0 - https:\/\/yoast.com\/wordpress\/plugins\/seo\/ -->\n<title>La filosofia degli hotel a 5 stelle a Capri e Roma - Manfredi Fine Hotels Collection<\/title>\n<meta name=\"description\" content=\"Propri\u00e9t\u00e9 des comtes Goffredo et Leonardo Ceglia Manfredi, Manfredi Fine Hotels Collection regroupe un ensemble d&#039;h\u00f4tels et de restaurants dans des lieux exclusifs, qui offrent des services d&#039;excellence absolue\" \/>\n<meta name=\"robots\" content=\"index, follow, max-snippet:-1, max-image-preview:large, max-video-preview:-1\" \/>\n<link rel=\"canonical\" href=\"https:\/\/www.manfredihotels.com\/fr\/philosophie\/\" \/>\n<meta property=\"og:locale\" content=\"fr_FR\" \/>\n<meta property=\"og:type\" content=\"article\" \/>\n<meta property=\"og:title\" content=\"La filosofia degli hotel a 5 stelle a Capri e Roma - Manfredi Fine Hotels Collection\" \/>\n<meta property=\"og:description\" content=\"Propri\u00e9t\u00e9 des comtes Goffredo et Leonardo Ceglia Manfredi, Manfredi Fine Hotels Collection regroupe un ensemble d&#039;h\u00f4tels et de restaurants dans des lieux exclusifs, qui offrent des services d&#039;excellence absolue\" \/>\n<meta property=\"og:url\" content=\"https:\/\/www.manfredihotels.com\/fr\/philosophie\/\" \/>\n<meta property=\"og:site_name\" content=\"Manfredi Fine Hotels Collection\" \/>\n<meta property=\"article:modified_time\" content=\"2021-12-27T16:52:07+00:00\" \/>\n<meta property=\"og:image\" content=\"https:\/\/www.manfredihotels.com\/wp-content\/uploads\/2020\/03\/suite_tragara-6.jpg\" \/>\n\t<meta property=\"og:image:width\" content=\"1440\" \/>\n\t<meta property=\"og:image:height\" content=\"960\" \/>\n\t<meta property=\"og:image:type\" content=\"image\/jpeg\" \/>\n<meta name=\"twitter:card\" content=\"summary_large_image\" \/>\n<script type=\"application\/ld+json\" class=\"yoast-schema-graph\">{\"@context\":\"https:\/\/schema.org\",\"@graph\":[{\"@type\":\"WebPage\",\"@id\":\"https:\/\/www.manfredihotels.com\/fr\/philosophie\/\",\"url\":\"https:\/\/www.manfredihotels.com\/fr\/philosophie\/\",\"name\":\"La filosofia degli hotel a 5 stelle a Capri e Roma - Manfredi Fine Hotels Collection\",\"isPartOf\":{\"@id\":\"https:\/\/www.manfredihotels.com\/fr\/#website\"},\"primaryImageOfPage\":{\"@id\":\"https:\/\/www.manfredihotels.com\/fr\/philosophie\/#primaryimage\"},\"image\":{\"@id\":\"https:\/\/www.manfredihotels.com\/fr\/philosophie\/#primaryimage\"},\"thumbnailUrl\":\"https:\/\/www.manfredihotels.com\/wp-content\/uploads\/2020\/03\/suite_tragara-6.jpg\",\"datePublished\":\"2021-02-21T17:36:57+00:00\",\"dateModified\":\"2021-12-27T16:52:07+00:00\",\"description\":\"Propri\u00e9t\u00e9 des comtes Goffredo et Leonardo Ceglia Manfredi, Manfredi Fine Hotels Collection regroupe un ensemble d'h\u00f4tels et de restaurants dans des lieux exclusifs, qui offrent des services d'excellence absolue\",\"breadcrumb\":{\"@id\":\"https:\/\/www.manfredihotels.com\/fr\/philosophie\/#breadcrumb\"},\"inLanguage\":\"fr-FR\",\"potentialAction\":[{\"@type\":\"ReadAction\",\"target\":[\"https:\/\/www.manfredihotels.com\/fr\/philosophie\/\"]}]},{\"@type\":\"ImageObject\",\"inLanguage\":\"fr-FR\",\"@id\":\"https:\/\/www.manfredihotels.com\/fr\/philosophie\/#primaryimage\",\"url\":\"https:\/\/www.manfredihotels.com\/wp-content\/uploads\/2020\/03\/suite_tragara-6.jpg\",\"contentUrl\":\"https:\/\/www.manfredihotels.com\/wp-content\/uploads\/2020\/03\/suite_tragara-6.jpg\",\"width\":1440,\"height\":960},{\"@type\":\"BreadcrumbList\",\"@id\":\"https:\/\/www.manfredihotels.com\/fr\/philosophie\/#breadcrumb\",\"itemListElement\":[{\"@type\":\"ListItem\",\"position\":1,\"name\":\"Home\",\"item\":\"https:\/\/www.manfredihotels.com\/fr\/\"},{\"@type\":\"ListItem\",\"position\":2,\"name\":\"Manfredi Collection\",\"item\":\"https:\/\/www.manfredihotels.com\/fr\/\"},{\"@type\":\"ListItem\",\"position\":3,\"name\":\"Philosophie\"}]},{\"@type\":\"WebSite\",\"@id\":\"https:\/\/www.manfredihotels.com\/fr\/#website\",\"url\":\"https:\/\/www.manfredihotels.com\/fr\/\",\"name\":\"Manfredi Fine Hotels Collection\",\"description\":\"Live the extraordinary\",\"publisher\":{\"@id\":\"https:\/\/www.manfredihotels.com\/fr\/#organization\"},\"potentialAction\":[{\"@type\":\"SearchAction\",\"target\":{\"@type\":\"EntryPoint\",\"urlTemplate\":\"https:\/\/www.manfredihotels.com\/fr\/?s={search_term_string}\"},\"query-input\":{\"@type\":\"PropertyValueSpecification\",\"valueRequired\":true,\"valueName\":\"search_term_string\"}}],\"inLanguage\":\"fr-FR\"},{\"@type\":\"Organization\",\"@id\":\"https:\/\/www.manfredihotels.com\/fr\/#organization\",\"name\":\"Manfredi Collection\",\"url\":\"https:\/\/www.manfredihotels.com\/fr\/\",\"logo\":{\"@type\":\"ImageObject\",\"inLanguage\":\"fr-FR\",\"@id\":\"https:\/\/www.manfredihotels.com\/fr\/#\/schema\/logo\/image\/\",\"url\":\"https:\/\/www.manfredihotels.com\/wp-content\/uploads\/2020\/03\/Manfredi-Simbolo.png\",\"contentUrl\":\"https:\/\/www.manfredihotels.com\/wp-content\/uploads\/2020\/03\/Manfredi-Simbolo.png\",\"width\":130,\"height\":184,\"caption\":\"Manfredi Collection\"},\"image\":{\"@id\":\"https:\/\/www.manfredihotels.com\/fr\/#\/schema\/logo\/image\/\"}}]}<\/script>\n<!-- \/ Yoast SEO plugin. -->","yoast_head_json":{"title":"La filosofia degli hotel a 5 stelle a Capri e Roma - Manfredi Fine Hotels Collection","description":"Propri\u00e9t\u00e9 des comtes Goffredo et Leonardo Ceglia Manfredi, Manfredi Fine Hotels Collection regroupe un ensemble d'h\u00f4tels et de restaurants dans des lieux exclusifs, qui offrent des services d'excellence absolue","robots":{"index":"index","follow":"follow","max-snippet":"max-snippet:-1","max-image-preview":"max-image-preview:large","max-video-preview":"max-video-preview:-1"},"canonical":"https:\/\/www.manfredihotels.com\/fr\/philosophie\/","og_locale":"fr_FR","og_type":"article","og_title":"La filosofia degli hotel a 5 stelle a Capri e Roma - Manfredi Fine Hotels Collection","og_description":"Propri\u00e9t\u00e9 des comtes Goffredo et Leonardo Ceglia Manfredi, Manfredi Fine Hotels Collection regroupe un ensemble d'h\u00f4tels et de restaurants dans des lieux exclusifs, qui offrent des services d'excellence absolue","og_url":"https:\/\/www.manfredihotels.com\/fr\/philosophie\/","og_site_name":"Manfredi Fine Hotels Collection","article_modified_time":"2021-12-27T16:52:07+00:00","og_image":[{"width":1440,"height":960,"url":"https:\/\/www.manfredihotels.com\/wp-content\/uploads\/2020\/03\/suite_tragara-6.jpg","type":"image\/jpeg"}],"twitter_card":"summary_large_image","schema":{"@context":"https:\/\/schema.org","@graph":[{"@type":"WebPage","@id":"https:\/\/www.manfredihotels.com\/fr\/philosophie\/","url":"https:\/\/www.manfredihotels.com\/fr\/philosophie\/","name":"La filosofia degli hotel a 5 stelle a Capri e Roma - Manfredi Fine Hotels Collection","isPartOf":{"@id":"https:\/\/www.manfredihotels.com\/fr\/#website"},"primaryImageOfPage":{"@id":"https:\/\/www.manfredihotels.com\/fr\/philosophie\/#primaryimage"},"image":{"@id":"https:\/\/www.manfredihotels.com\/fr\/philosophie\/#primaryimage"},"thumbnailUrl":"https:\/\/www.manfredihotels.com\/wp-content\/uploads\/2020\/03\/suite_tragara-6.jpg","datePublished":"2021-02-21T17:36:57+00:00","dateModified":"2021-12-27T16:52:07+00:00","description":"Propri\u00e9t\u00e9 des comtes Goffredo et Leonardo Ceglia Manfredi, Manfredi Fine Hotels Collection regroupe un ensemble d'h\u00f4tels et de restaurants dans des lieux exclusifs, qui offrent des services d'excellence absolue","breadcrumb":{"@id":"https:\/\/www.manfredihotels.com\/fr\/philosophie\/#breadcrumb"},"inLanguage":"fr-FR","potentialAction":[{"@type":"ReadAction","target":["https:\/\/www.manfredihotels.com\/fr\/philosophie\/"]}]},{"@type":"ImageObject","inLanguage":"fr-FR","@id":"https:\/\/www.manfredihotels.com\/fr\/philosophie\/#primaryimage","url":"https:\/\/www.manfredihotels.com\/wp-content\/uploads\/2020\/03\/suite_tragara-6.jpg","contentUrl":"https:\/\/www.manfredihotels.com\/wp-content\/uploads\/2020\/03\/suite_tragara-6.jpg","width":1440,"height":960},{"@type":"BreadcrumbList","@id":"https:\/\/www.manfredihotels.com\/fr\/philosophie\/#breadcrumb","itemListElement":[{"@type":"ListItem","position":1,"name":"Home","item":"https:\/\/www.manfredihotels.com\/fr\/"},{"@type":"ListItem","position":2,"name":"Manfredi Collection","item":"https:\/\/www.manfredihotels.com\/fr\/"},{"@type":"ListItem","position":3,"name":"Philosophie"}]},{"@type":"WebSite","@id":"https:\/\/www.manfredihotels.com\/fr\/#website","url":"https:\/\/www.manfredihotels.com\/fr\/","name":"Manfredi Fine Hotels Collection","description":"Live the extraordinary","publisher":{"@id":"https:\/\/www.manfredihotels.com\/fr\/#organization"},"potentialAction":[{"@type":"SearchAction","target":{"@type":"EntryPoint","urlTemplate":"https:\/\/www.manfredihotels.com\/fr\/?s={search_term_string}"},"query-input":{"@type":"PropertyValueSpecification","valueRequired":true,"valueName":"search_term_string"}}],"inLanguage":"fr-FR"},{"@type":"Organization","@id":"https:\/\/www.manfredihotels.com\/fr\/#organization","name":"Manfredi Collection","url":"https:\/\/www.manfredihotels.com\/fr\/","logo":{"@type":"ImageObject","inLanguage":"fr-FR","@id":"https:\/\/www.manfredihotels.com\/fr\/#\/schema\/logo\/image\/","url":"https:\/\/www.manfredihotels.com\/wp-content\/uploads\/2020\/03\/Manfredi-Simbolo.png","contentUrl":"https:\/\/www.manfredihotels.com\/wp-content\/uploads\/2020\/03\/Manfredi-Simbolo.png","width":130,"height":184,"caption":"Manfredi Collection"},"image":{"@id":"https:\/\/www.manfredihotels.com\/fr\/#\/schema\/logo\/image\/"}}]}},"publishpress_future_action":{"enabled":false,"date":"2026-05-23 22:00:29","action":"change-status","newStatus":"draft","terms":[],"taxonomy":"translation_priority"},"publishpress_future_workflow_manual_trigger":{"enabledWorkflows":[]},"_links":{"self":[{"href":"https:\/\/www.manfredihotels.com\/fr\/wp-json\/wp\/v2\/pages\/17212","targetHints":{"allow":["GET"]}}],"collection":[{"href":"https:\/\/www.manfredihotels.com\/fr\/wp-json\/wp\/v2\/pages"}],"about":[{"href":"https:\/\/www.manfredihotels.com\/fr\/wp-json\/wp\/v2\/types\/page"}],"author":[{"embeddable":true,"href":"https:\/\/www.manfredihotels.com\/fr\/wp-json\/wp\/v2\/users\/1"}],"replies":[{"embeddable":true,"href":"https:\/\/www.manfredihotels.com\/fr\/wp-json\/wp\/v2\/comments?post=17212"}],"version-history":[{"count":9,"href":"https:\/\/www.manfredihotels.com\/fr\/wp-json\/wp\/v2\/pages\/17212\/revisions"}],"predecessor-version":[{"id":29037,"href":"https:\/\/www.manfredihotels.com\/fr\/wp-json\/wp\/v2\/pages\/17212\/revisions\/29037"}],"up":[{"embeddable":true,"href":"https:\/\/www.manfredihotels.com\/fr\/wp-json\/wp\/v2\/pages\/17108"}],"wp:featuredmedia":[{"embeddable":true,"href":"https:\/\/www.manfredihotels.com\/fr\/wp-json\/wp\/v2\/media\/7501"}],"wp:attachment":[{"href":"https:\/\/www.manfredihotels.com\/fr\/wp-json\/wp\/v2\/media?parent=17212"}],"curies":[{"name":"wp","href":"https:\/\/api.w.org\/{rel}","templated":true}]}}