{"id":17261,"date":"2021-02-22T09:21:11","date_gmt":"2021-02-22T09:21:11","guid":{"rendered":"http:\/\/www.manfredihotels.com\/storia-location\/"},"modified":"2024-04-05T14:42:53","modified_gmt":"2024-04-05T14:42:53","slug":"histoire-lieu","status":"publish","type":"page","link":"https:\/\/www.manfredihotels.com\/fr\/histoire-lieu\/","title":{"rendered":"Palazzo Manfredi &#8211; Histoire et Lieu"},"content":{"rendered":"","protected":false},"excerpt":{"rendered":"","protected":false},"author":1,"featured_media":0,"parent":0,"menu_order":0,"comment_status":"closed","ping_status":"closed","template":"template-other-page-manfredi.php","meta":{"_acf_changed":false,"footnotes":""},"class_list":["post-17261","page","type-page","status-publish","hentry"],"acf":[],"yoast_head":"<!-- This site is optimized with the Yoast SEO plugin v24.0 - https:\/\/yoast.com\/wordpress\/plugins\/seo\/ -->\n<title>Palazzo Manfredi - Histoire et Lieu - Manfredi Fine Hotels Collection<\/title>\n<meta name=\"description\" content=\"Splendide \u00e9difice du XVIIe si\u00e8cle \u00e0 deux pas du Colis\u00e9e, le Palazzo Manfredi est situ\u00e9 au c\u0153ur de la Rome imp\u00e9riale. Juste \u00e0 ses pieds, vous pourrez admirer les vestiges du Ludus Magnus\" \/>\n<meta name=\"robots\" content=\"index, follow, max-snippet:-1, max-image-preview:large, max-video-preview:-1\" \/>\n<link rel=\"canonical\" href=\"https:\/\/www.manfredihotels.com\/fr\/histoire-lieu\/\" \/>\n<meta property=\"og:locale\" content=\"fr_FR\" \/>\n<meta property=\"og:type\" content=\"article\" \/>\n<meta property=\"og:title\" content=\"Palazzo Manfredi - Histoire et Lieu - Manfredi Fine Hotels Collection\" \/>\n<meta property=\"og:description\" content=\"Splendide \u00e9difice du XVIIe si\u00e8cle \u00e0 deux pas du Colis\u00e9e, le Palazzo Manfredi est situ\u00e9 au c\u0153ur de la Rome imp\u00e9riale. Juste \u00e0 ses pieds, vous pourrez admirer les vestiges du Ludus Magnus\" \/>\n<meta property=\"og:url\" content=\"https:\/\/www.manfredihotels.com\/fr\/histoire-lieu\/\" \/>\n<meta property=\"og:site_name\" content=\"Manfredi Fine Hotels Collection\" \/>\n<meta property=\"article:modified_time\" content=\"2024-04-05T14:42:53+00:00\" \/>\n<meta name=\"twitter:card\" content=\"summary_large_image\" \/>\n<script type=\"application\/ld+json\" class=\"yoast-schema-graph\">{\"@context\":\"https:\/\/schema.org\",\"@graph\":[{\"@type\":\"WebPage\",\"@id\":\"https:\/\/www.manfredihotels.com\/fr\/histoire-lieu\/\",\"url\":\"https:\/\/www.manfredihotels.com\/fr\/histoire-lieu\/\",\"name\":\"Palazzo Manfredi - Histoire et Lieu - Manfredi Fine Hotels Collection\",\"isPartOf\":{\"@id\":\"https:\/\/www.manfredihotels.com\/fr\/#website\"},\"datePublished\":\"2021-02-22T09:21:11+00:00\",\"dateModified\":\"2024-04-05T14:42:53+00:00\",\"description\":\"Splendide \u00e9difice du XVIIe si\u00e8cle \u00e0 deux pas du Colis\u00e9e, le Palazzo Manfredi est situ\u00e9 au c\u0153ur de la Rome imp\u00e9riale. Juste \u00e0 ses pieds, vous pourrez admirer les vestiges du Ludus Magnus\",\"breadcrumb\":{\"@id\":\"https:\/\/www.manfredihotels.com\/fr\/histoire-lieu\/#breadcrumb\"},\"inLanguage\":\"fr-FR\",\"potentialAction\":[{\"@type\":\"ReadAction\",\"target\":[\"https:\/\/www.manfredihotels.com\/fr\/histoire-lieu\/\"]}]},{\"@type\":\"BreadcrumbList\",\"@id\":\"https:\/\/www.manfredihotels.com\/fr\/histoire-lieu\/#breadcrumb\",\"itemListElement\":[{\"@type\":\"ListItem\",\"position\":1,\"name\":\"Home\",\"item\":\"https:\/\/www.manfredihotels.com\/fr\/\"},{\"@type\":\"ListItem\",\"position\":2,\"name\":\"Palazzo Manfredi &#8211; Histoire et Lieu\"}]},{\"@type\":\"WebSite\",\"@id\":\"https:\/\/www.manfredihotels.com\/fr\/#website\",\"url\":\"https:\/\/www.manfredihotels.com\/fr\/\",\"name\":\"Manfredi Fine Hotels Collection\",\"description\":\"Live the extraordinary\",\"publisher\":{\"@id\":\"https:\/\/www.manfredihotels.com\/fr\/#organization\"},\"potentialAction\":[{\"@type\":\"SearchAction\",\"target\":{\"@type\":\"EntryPoint\",\"urlTemplate\":\"https:\/\/www.manfredihotels.com\/fr\/?s={search_term_string}\"},\"query-input\":{\"@type\":\"PropertyValueSpecification\",\"valueRequired\":true,\"valueName\":\"search_term_string\"}}],\"inLanguage\":\"fr-FR\"},{\"@type\":\"Organization\",\"@id\":\"https:\/\/www.manfredihotels.com\/fr\/#organization\",\"name\":\"Manfredi Collection\",\"url\":\"https:\/\/www.manfredihotels.com\/fr\/\",\"logo\":{\"@type\":\"ImageObject\",\"inLanguage\":\"fr-FR\",\"@id\":\"https:\/\/www.manfredihotels.com\/fr\/#\/schema\/logo\/image\/\",\"url\":\"https:\/\/www.manfredihotels.com\/wp-content\/uploads\/2020\/03\/Manfredi-Simbolo.png\",\"contentUrl\":\"https:\/\/www.manfredihotels.com\/wp-content\/uploads\/2020\/03\/Manfredi-Simbolo.png\",\"width\":130,\"height\":184,\"caption\":\"Manfredi Collection\"},\"image\":{\"@id\":\"https:\/\/www.manfredihotels.com\/fr\/#\/schema\/logo\/image\/\"}}]}<\/script>\n<!-- \/ Yoast SEO plugin. -->","yoast_head_json":{"title":"Palazzo Manfredi - Histoire et Lieu - Manfredi Fine Hotels Collection","description":"Splendide \u00e9difice du XVIIe si\u00e8cle \u00e0 deux pas du Colis\u00e9e, le Palazzo Manfredi est situ\u00e9 au c\u0153ur de la Rome imp\u00e9riale. Juste \u00e0 ses pieds, vous pourrez admirer les vestiges du Ludus Magnus","robots":{"index":"index","follow":"follow","max-snippet":"max-snippet:-1","max-image-preview":"max-image-preview:large","max-video-preview":"max-video-preview:-1"},"canonical":"https:\/\/www.manfredihotels.com\/fr\/histoire-lieu\/","og_locale":"fr_FR","og_type":"article","og_title":"Palazzo Manfredi - Histoire et Lieu - Manfredi Fine Hotels Collection","og_description":"Splendide \u00e9difice du XVIIe si\u00e8cle \u00e0 deux pas du Colis\u00e9e, le Palazzo Manfredi est situ\u00e9 au c\u0153ur de la Rome imp\u00e9riale. Juste \u00e0 ses pieds, vous pourrez admirer les vestiges du Ludus Magnus","og_url":"https:\/\/www.manfredihotels.com\/fr\/histoire-lieu\/","og_site_name":"Manfredi Fine Hotels Collection","article_modified_time":"2024-04-05T14:42:53+00:00","twitter_card":"summary_large_image","schema":{"@context":"https:\/\/schema.org","@graph":[{"@type":"WebPage","@id":"https:\/\/www.manfredihotels.com\/fr\/histoire-lieu\/","url":"https:\/\/www.manfredihotels.com\/fr\/histoire-lieu\/","name":"Palazzo Manfredi - Histoire et Lieu - Manfredi Fine Hotels Collection","isPartOf":{"@id":"https:\/\/www.manfredihotels.com\/fr\/#website"},"datePublished":"2021-02-22T09:21:11+00:00","dateModified":"2024-04-05T14:42:53+00:00","description":"Splendide \u00e9difice du XVIIe si\u00e8cle \u00e0 deux pas du Colis\u00e9e, le Palazzo Manfredi est situ\u00e9 au c\u0153ur de la Rome imp\u00e9riale. Juste \u00e0 ses pieds, vous pourrez admirer les vestiges du Ludus Magnus","breadcrumb":{"@id":"https:\/\/www.manfredihotels.com\/fr\/histoire-lieu\/#breadcrumb"},"inLanguage":"fr-FR","potentialAction":[{"@type":"ReadAction","target":["https:\/\/www.manfredihotels.com\/fr\/histoire-lieu\/"]}]},{"@type":"BreadcrumbList","@id":"https:\/\/www.manfredihotels.com\/fr\/histoire-lieu\/#breadcrumb","itemListElement":[{"@type":"ListItem","position":1,"name":"Home","item":"https:\/\/www.manfredihotels.com\/fr\/"},{"@type":"ListItem","position":2,"name":"Palazzo Manfredi &#8211; Histoire et Lieu"}]},{"@type":"WebSite","@id":"https:\/\/www.manfredihotels.com\/fr\/#website","url":"https:\/\/www.manfredihotels.com\/fr\/","name":"Manfredi Fine Hotels Collection","description":"Live the extraordinary","publisher":{"@id":"https:\/\/www.manfredihotels.com\/fr\/#organization"},"potentialAction":[{"@type":"SearchAction","target":{"@type":"EntryPoint","urlTemplate":"https:\/\/www.manfredihotels.com\/fr\/?s={search_term_string}"},"query-input":{"@type":"PropertyValueSpecification","valueRequired":true,"valueName":"search_term_string"}}],"inLanguage":"fr-FR"},{"@type":"Organization","@id":"https:\/\/www.manfredihotels.com\/fr\/#organization","name":"Manfredi Collection","url":"https:\/\/www.manfredihotels.com\/fr\/","logo":{"@type":"ImageObject","inLanguage":"fr-FR","@id":"https:\/\/www.manfredihotels.com\/fr\/#\/schema\/logo\/image\/","url":"https:\/\/www.manfredihotels.com\/wp-content\/uploads\/2020\/03\/Manfredi-Simbolo.png","contentUrl":"https:\/\/www.manfredihotels.com\/wp-content\/uploads\/2020\/03\/Manfredi-Simbolo.png","width":130,"height":184,"caption":"Manfredi Collection"},"image":{"@id":"https:\/\/www.manfredihotels.com\/fr\/#\/schema\/logo\/image\/"}}]}},"publishpress_future_action":{"enabled":false,"date":"2026-04-16 05:47:30","action":"change-status","newStatus":"draft","terms":[],"taxonomy":"translation_priority"},"publishpress_future_workflow_manual_trigger":{"enabledWorkflows":[]},"_links":{"self":[{"href":"https:\/\/www.manfredihotels.com\/fr\/wp-json\/wp\/v2\/pages\/17261","targetHints":{"allow":["GET"]}}],"collection":[{"href":"https:\/\/www.manfredihotels.com\/fr\/wp-json\/wp\/v2\/pages"}],"about":[{"href":"https:\/\/www.manfredihotels.com\/fr\/wp-json\/wp\/v2\/types\/page"}],"author":[{"embeddable":true,"href":"https:\/\/www.manfredihotels.com\/fr\/wp-json\/wp\/v2\/users\/1"}],"replies":[{"embeddable":true,"href":"https:\/\/www.manfredihotels.com\/fr\/wp-json\/wp\/v2\/comments?post=17261"}],"version-history":[{"count":7,"href":"https:\/\/www.manfredihotels.com\/fr\/wp-json\/wp\/v2\/pages\/17261\/revisions"}],"predecessor-version":[{"id":35965,"href":"https:\/\/www.manfredihotels.com\/fr\/wp-json\/wp\/v2\/pages\/17261\/revisions\/35965"}],"wp:attachment":[{"href":"https:\/\/www.manfredihotels.com\/fr\/wp-json\/wp\/v2\/media?parent=17261"}],"curies":[{"name":"wp","href":"https:\/\/api.w.org\/{rel}","templated":true}]}}