{"id":17277,"date":"2021-02-22T16:20:25","date_gmt":"2021-02-22T16:20:25","guid":{"rendered":"http:\/\/www.manfredihotels.com\/palm-suite-storia-e-location\/"},"modified":"2021-12-27T17:03:13","modified_gmt":"2021-12-27T17:03:13","slug":"palm-suite-storia-e-location","status":"publish","type":"page","link":"https:\/\/www.manfredihotels.com\/fr\/palm-suite\/histoire-lieu\/","title":{"rendered":"Palm Suite &#8211; Histoire et Lieu"},"content":{"rendered":"","protected":false},"excerpt":{"rendered":"","protected":false},"author":1,"featured_media":0,"parent":0,"menu_order":0,"comment_status":"closed","ping_status":"closed","template":"template-other-page-manfredi.php","meta":{"_acf_changed":false,"footnotes":""},"class_list":["post-17277","page","type-page","status-publish","hentry"],"acf":[],"yoast_head":"<!-- This site is optimized with the Yoast SEO plugin v24.0 - https:\/\/yoast.com\/wordpress\/plugins\/seo\/ -->\n<title>Palm Suite - Histoire et Lieu - Manfredi Fine Hotels Collection<\/title>\n<meta name=\"description\" content=\"La majest\u00e9 du Colis\u00e9e, la solennit\u00e9 des Forums Imp\u00e9riaux, ne sont qu\u2019\u00e0 quelques minutes de votre lieu de s\u00e9jour. Poussez la balade un peu plus loin pour vous retrouver dans l\u2019\u00e9tonnant baroque romain.\" \/>\n<meta name=\"robots\" content=\"index, follow, max-snippet:-1, max-image-preview:large, max-video-preview:-1\" \/>\n<link rel=\"canonical\" href=\"https:\/\/www.manfredihotels.com\/fr\/palm-suite\/histoire-lieu\/\" \/>\n<meta property=\"og:locale\" content=\"fr_FR\" \/>\n<meta property=\"og:type\" content=\"article\" \/>\n<meta property=\"og:title\" content=\"Palm Suite - Histoire et Lieu - Manfredi Fine Hotels Collection\" \/>\n<meta property=\"og:description\" content=\"La majest\u00e9 du Colis\u00e9e, la solennit\u00e9 des Forums Imp\u00e9riaux, ne sont qu\u2019\u00e0 quelques minutes de votre lieu de s\u00e9jour. Poussez la balade un peu plus loin pour vous retrouver dans l\u2019\u00e9tonnant baroque romain.\" \/>\n<meta property=\"og:url\" content=\"https:\/\/www.manfredihotels.com\/fr\/palm-suite\/histoire-lieu\/\" \/>\n<meta property=\"og:site_name\" content=\"Manfredi Fine Hotels Collection\" \/>\n<meta property=\"article:modified_time\" content=\"2021-12-27T17:03:13+00:00\" \/>\n<meta name=\"twitter:card\" content=\"summary_large_image\" \/>\n<script type=\"application\/ld+json\" class=\"yoast-schema-graph\">{\"@context\":\"https:\/\/schema.org\",\"@graph\":[{\"@type\":\"WebPage\",\"@id\":\"https:\/\/www.manfredihotels.com\/fr\/palm-suite\/histoire-lieu\/\",\"url\":\"https:\/\/www.manfredihotels.com\/fr\/palm-suite\/histoire-lieu\/\",\"name\":\"Palm Suite - Histoire et Lieu - Manfredi Fine Hotels Collection\",\"isPartOf\":{\"@id\":\"https:\/\/www.manfredihotels.com\/fr\/#website\"},\"datePublished\":\"2021-02-22T16:20:25+00:00\",\"dateModified\":\"2021-12-27T17:03:13+00:00\",\"description\":\"La majest\u00e9 du Colis\u00e9e, la solennit\u00e9 des Forums Imp\u00e9riaux, ne sont qu\u2019\u00e0 quelques minutes de votre lieu de s\u00e9jour. Poussez la balade un peu plus loin pour vous retrouver dans l\u2019\u00e9tonnant baroque romain.\",\"breadcrumb\":{\"@id\":\"https:\/\/www.manfredihotels.com\/fr\/palm-suite\/histoire-lieu\/#breadcrumb\"},\"inLanguage\":\"fr-FR\",\"potentialAction\":[{\"@type\":\"ReadAction\",\"target\":[\"https:\/\/www.manfredihotels.com\/fr\/palm-suite\/histoire-lieu\/\"]}]},{\"@type\":\"BreadcrumbList\",\"@id\":\"https:\/\/www.manfredihotels.com\/fr\/palm-suite\/histoire-lieu\/#breadcrumb\",\"itemListElement\":[{\"@type\":\"ListItem\",\"position\":1,\"name\":\"Home\",\"item\":\"https:\/\/www.manfredihotels.com\/fr\/\"},{\"@type\":\"ListItem\",\"position\":2,\"name\":\"Palm Suite &#8211; Histoire et Lieu\"}]},{\"@type\":\"WebSite\",\"@id\":\"https:\/\/www.manfredihotels.com\/fr\/#website\",\"url\":\"https:\/\/www.manfredihotels.com\/fr\/\",\"name\":\"Manfredi Fine Hotels Collection\",\"description\":\"Live the extraordinary\",\"publisher\":{\"@id\":\"https:\/\/www.manfredihotels.com\/fr\/#organization\"},\"potentialAction\":[{\"@type\":\"SearchAction\",\"target\":{\"@type\":\"EntryPoint\",\"urlTemplate\":\"https:\/\/www.manfredihotels.com\/fr\/?s={search_term_string}\"},\"query-input\":{\"@type\":\"PropertyValueSpecification\",\"valueRequired\":true,\"valueName\":\"search_term_string\"}}],\"inLanguage\":\"fr-FR\"},{\"@type\":\"Organization\",\"@id\":\"https:\/\/www.manfredihotels.com\/fr\/#organization\",\"name\":\"Manfredi Collection\",\"url\":\"https:\/\/www.manfredihotels.com\/fr\/\",\"logo\":{\"@type\":\"ImageObject\",\"inLanguage\":\"fr-FR\",\"@id\":\"https:\/\/www.manfredihotels.com\/fr\/#\/schema\/logo\/image\/\",\"url\":\"https:\/\/www.manfredihotels.com\/wp-content\/uploads\/2020\/03\/Manfredi-Simbolo.png\",\"contentUrl\":\"https:\/\/www.manfredihotels.com\/wp-content\/uploads\/2020\/03\/Manfredi-Simbolo.png\",\"width\":130,\"height\":184,\"caption\":\"Manfredi Collection\"},\"image\":{\"@id\":\"https:\/\/www.manfredihotels.com\/fr\/#\/schema\/logo\/image\/\"}}]}<\/script>\n<!-- \/ Yoast SEO plugin. -->","yoast_head_json":{"title":"Palm Suite - Histoire et Lieu - Manfredi Fine Hotels Collection","description":"La majest\u00e9 du Colis\u00e9e, la solennit\u00e9 des Forums Imp\u00e9riaux, ne sont qu\u2019\u00e0 quelques minutes de votre lieu de s\u00e9jour. Poussez la balade un peu plus loin pour vous retrouver dans l\u2019\u00e9tonnant baroque romain.","robots":{"index":"index","follow":"follow","max-snippet":"max-snippet:-1","max-image-preview":"max-image-preview:large","max-video-preview":"max-video-preview:-1"},"canonical":"https:\/\/www.manfredihotels.com\/fr\/palm-suite\/histoire-lieu\/","og_locale":"fr_FR","og_type":"article","og_title":"Palm Suite - Histoire et Lieu - Manfredi Fine Hotels Collection","og_description":"La majest\u00e9 du Colis\u00e9e, la solennit\u00e9 des Forums Imp\u00e9riaux, ne sont qu\u2019\u00e0 quelques minutes de votre lieu de s\u00e9jour. Poussez la balade un peu plus loin pour vous retrouver dans l\u2019\u00e9tonnant baroque romain.","og_url":"https:\/\/www.manfredihotels.com\/fr\/palm-suite\/histoire-lieu\/","og_site_name":"Manfredi Fine Hotels Collection","article_modified_time":"2021-12-27T17:03:13+00:00","twitter_card":"summary_large_image","schema":{"@context":"https:\/\/schema.org","@graph":[{"@type":"WebPage","@id":"https:\/\/www.manfredihotels.com\/fr\/palm-suite\/histoire-lieu\/","url":"https:\/\/www.manfredihotels.com\/fr\/palm-suite\/histoire-lieu\/","name":"Palm Suite - Histoire et Lieu - Manfredi Fine Hotels Collection","isPartOf":{"@id":"https:\/\/www.manfredihotels.com\/fr\/#website"},"datePublished":"2021-02-22T16:20:25+00:00","dateModified":"2021-12-27T17:03:13+00:00","description":"La majest\u00e9 du Colis\u00e9e, la solennit\u00e9 des Forums Imp\u00e9riaux, ne sont qu\u2019\u00e0 quelques minutes de votre lieu de s\u00e9jour. Poussez la balade un peu plus loin pour vous retrouver dans l\u2019\u00e9tonnant baroque romain.","breadcrumb":{"@id":"https:\/\/www.manfredihotels.com\/fr\/palm-suite\/histoire-lieu\/#breadcrumb"},"inLanguage":"fr-FR","potentialAction":[{"@type":"ReadAction","target":["https:\/\/www.manfredihotels.com\/fr\/palm-suite\/histoire-lieu\/"]}]},{"@type":"BreadcrumbList","@id":"https:\/\/www.manfredihotels.com\/fr\/palm-suite\/histoire-lieu\/#breadcrumb","itemListElement":[{"@type":"ListItem","position":1,"name":"Home","item":"https:\/\/www.manfredihotels.com\/fr\/"},{"@type":"ListItem","position":2,"name":"Palm Suite &#8211; Histoire et Lieu"}]},{"@type":"WebSite","@id":"https:\/\/www.manfredihotels.com\/fr\/#website","url":"https:\/\/www.manfredihotels.com\/fr\/","name":"Manfredi Fine Hotels Collection","description":"Live the extraordinary","publisher":{"@id":"https:\/\/www.manfredihotels.com\/fr\/#organization"},"potentialAction":[{"@type":"SearchAction","target":{"@type":"EntryPoint","urlTemplate":"https:\/\/www.manfredihotels.com\/fr\/?s={search_term_string}"},"query-input":{"@type":"PropertyValueSpecification","valueRequired":true,"valueName":"search_term_string"}}],"inLanguage":"fr-FR"},{"@type":"Organization","@id":"https:\/\/www.manfredihotels.com\/fr\/#organization","name":"Manfredi Collection","url":"https:\/\/www.manfredihotels.com\/fr\/","logo":{"@type":"ImageObject","inLanguage":"fr-FR","@id":"https:\/\/www.manfredihotels.com\/fr\/#\/schema\/logo\/image\/","url":"https:\/\/www.manfredihotels.com\/wp-content\/uploads\/2020\/03\/Manfredi-Simbolo.png","contentUrl":"https:\/\/www.manfredihotels.com\/wp-content\/uploads\/2020\/03\/Manfredi-Simbolo.png","width":130,"height":184,"caption":"Manfredi Collection"},"image":{"@id":"https:\/\/www.manfredihotels.com\/fr\/#\/schema\/logo\/image\/"}}]}},"publishpress_future_action":{"enabled":false,"date":"2026-04-19 16:22:18","action":"change-status","newStatus":"draft","terms":[],"taxonomy":"translation_priority"},"publishpress_future_workflow_manual_trigger":{"enabledWorkflows":[]},"_links":{"self":[{"href":"https:\/\/www.manfredihotels.com\/fr\/wp-json\/wp\/v2\/pages\/17277","targetHints":{"allow":["GET"]}}],"collection":[{"href":"https:\/\/www.manfredihotels.com\/fr\/wp-json\/wp\/v2\/pages"}],"about":[{"href":"https:\/\/www.manfredihotels.com\/fr\/wp-json\/wp\/v2\/types\/page"}],"author":[{"embeddable":true,"href":"https:\/\/www.manfredihotels.com\/fr\/wp-json\/wp\/v2\/users\/1"}],"replies":[{"embeddable":true,"href":"https:\/\/www.manfredihotels.com\/fr\/wp-json\/wp\/v2\/comments?post=17277"}],"version-history":[{"count":4,"href":"https:\/\/www.manfredihotels.com\/fr\/wp-json\/wp\/v2\/pages\/17277\/revisions"}],"predecessor-version":[{"id":21344,"href":"https:\/\/www.manfredihotels.com\/fr\/wp-json\/wp\/v2\/pages\/17277\/revisions\/21344"}],"wp:attachment":[{"href":"https:\/\/www.manfredihotels.com\/fr\/wp-json\/wp\/v2\/media?parent=17277"}],"curies":[{"name":"wp","href":"https:\/\/api.w.org\/{rel}","templated":true}]}}