{"id":18945,"date":"2021-03-04T10:47:01","date_gmt":"2021-03-04T10:47:01","guid":{"rendered":"http:\/\/www.manfredihotels.com\/punta-tragara-storia-location\/"},"modified":"2024-04-04T13:14:55","modified_gmt":"2024-04-04T13:14:55","slug":"punta-tragara-storia-location","status":"publish","type":"page","link":"https:\/\/www.manfredihotels.com\/fr\/punta-tragara\/historie-et-lieu\/","title":{"rendered":"Punta Tragara &#8211; Histoire et Lieu"},"content":{"rendered":"","protected":false},"excerpt":{"rendered":"","protected":false},"author":10,"featured_media":0,"parent":0,"menu_order":0,"comment_status":"closed","ping_status":"closed","template":"template-other-page-manfredi.php","meta":{"_acf_changed":false,"footnotes":""},"class_list":["post-18945","page","type-page","status-publish","hentry"],"acf":[],"yoast_head":"<!-- This site is optimized with the Yoast SEO plugin v24.0 - https:\/\/yoast.com\/wordpress\/plugins\/seo\/ -->\n<title>Histoire et emplacement de l&#039;h\u00f4tel cinq \u00e9toiles exclusif de Capri - Punta Tragara<\/title>\n<meta name=\"description\" content=\"L&#039;h\u00f4tel de luxe cinq \u00e9toiles Punta Tragara est une r\u00e9sidence exclusive con\u00e7ue par Le Corbusier en 1920. Une villa de luxe \u00e0 Capri avec vue sur la mer et les Faraglioni.\" \/>\n<meta name=\"robots\" content=\"index, follow, max-snippet:-1, max-image-preview:large, max-video-preview:-1\" \/>\n<link rel=\"canonical\" href=\"https:\/\/www.manfredihotels.com\/fr\/punta-tragara\/historie-et-lieu\/\" \/>\n<meta property=\"og:locale\" content=\"fr_FR\" \/>\n<meta property=\"og:type\" content=\"article\" \/>\n<meta property=\"og:title\" content=\"Histoire et emplacement de l&#039;h\u00f4tel cinq \u00e9toiles exclusif de Capri - Punta Tragara\" \/>\n<meta property=\"og:description\" content=\"L&#039;h\u00f4tel de luxe cinq \u00e9toiles Punta Tragara est une r\u00e9sidence exclusive con\u00e7ue par Le Corbusier en 1920. Une villa de luxe \u00e0 Capri avec vue sur la mer et les Faraglioni.\" \/>\n<meta property=\"og:url\" content=\"https:\/\/www.manfredihotels.com\/fr\/punta-tragara\/historie-et-lieu\/\" \/>\n<meta property=\"og:site_name\" content=\"Manfredi Fine Hotels Collection\" \/>\n<meta property=\"article:modified_time\" content=\"2024-04-04T13:14:55+00:00\" \/>\n<meta name=\"twitter:card\" content=\"summary_large_image\" \/>\n<script type=\"application\/ld+json\" class=\"yoast-schema-graph\">{\"@context\":\"https:\/\/schema.org\",\"@graph\":[{\"@type\":\"WebPage\",\"@id\":\"https:\/\/www.manfredihotels.com\/fr\/punta-tragara\/historie-et-lieu\/\",\"url\":\"https:\/\/www.manfredihotels.com\/fr\/punta-tragara\/historie-et-lieu\/\",\"name\":\"Histoire et emplacement de l'h\u00f4tel cinq \u00e9toiles exclusif de Capri - Punta Tragara\",\"isPartOf\":{\"@id\":\"https:\/\/www.manfredihotels.com\/fr\/#website\"},\"datePublished\":\"2021-03-04T10:47:01+00:00\",\"dateModified\":\"2024-04-04T13:14:55+00:00\",\"description\":\"L'h\u00f4tel de luxe cinq \u00e9toiles Punta Tragara est une r\u00e9sidence exclusive con\u00e7ue par Le Corbusier en 1920. Une villa de luxe \u00e0 Capri avec vue sur la mer et les Faraglioni.\",\"breadcrumb\":{\"@id\":\"https:\/\/www.manfredihotels.com\/fr\/punta-tragara\/historie-et-lieu\/#breadcrumb\"},\"inLanguage\":\"fr-FR\",\"potentialAction\":[{\"@type\":\"ReadAction\",\"target\":[\"https:\/\/www.manfredihotels.com\/fr\/punta-tragara\/historie-et-lieu\/\"]}]},{\"@type\":\"BreadcrumbList\",\"@id\":\"https:\/\/www.manfredihotels.com\/fr\/punta-tragara\/historie-et-lieu\/#breadcrumb\",\"itemListElement\":[{\"@type\":\"ListItem\",\"position\":1,\"name\":\"Home\",\"item\":\"https:\/\/www.manfredihotels.com\/fr\/\"},{\"@type\":\"ListItem\",\"position\":2,\"name\":\"Punta Tragara &#8211; Histoire et Lieu\"}]},{\"@type\":\"WebSite\",\"@id\":\"https:\/\/www.manfredihotels.com\/fr\/#website\",\"url\":\"https:\/\/www.manfredihotels.com\/fr\/\",\"name\":\"Manfredi Fine Hotels Collection\",\"description\":\"Live the extraordinary\",\"publisher\":{\"@id\":\"https:\/\/www.manfredihotels.com\/fr\/#organization\"},\"potentialAction\":[{\"@type\":\"SearchAction\",\"target\":{\"@type\":\"EntryPoint\",\"urlTemplate\":\"https:\/\/www.manfredihotels.com\/fr\/?s={search_term_string}\"},\"query-input\":{\"@type\":\"PropertyValueSpecification\",\"valueRequired\":true,\"valueName\":\"search_term_string\"}}],\"inLanguage\":\"fr-FR\"},{\"@type\":\"Organization\",\"@id\":\"https:\/\/www.manfredihotels.com\/fr\/#organization\",\"name\":\"Manfredi Collection\",\"url\":\"https:\/\/www.manfredihotels.com\/fr\/\",\"logo\":{\"@type\":\"ImageObject\",\"inLanguage\":\"fr-FR\",\"@id\":\"https:\/\/www.manfredihotels.com\/fr\/#\/schema\/logo\/image\/\",\"url\":\"https:\/\/www.manfredihotels.com\/wp-content\/uploads\/2020\/03\/Manfredi-Simbolo.png\",\"contentUrl\":\"https:\/\/www.manfredihotels.com\/wp-content\/uploads\/2020\/03\/Manfredi-Simbolo.png\",\"width\":130,\"height\":184,\"caption\":\"Manfredi Collection\"},\"image\":{\"@id\":\"https:\/\/www.manfredihotels.com\/fr\/#\/schema\/logo\/image\/\"}}]}<\/script>\n<!-- \/ Yoast SEO plugin. -->","yoast_head_json":{"title":"Histoire et emplacement de l'h\u00f4tel cinq \u00e9toiles exclusif de Capri - Punta Tragara","description":"L'h\u00f4tel de luxe cinq \u00e9toiles Punta Tragara est une r\u00e9sidence exclusive con\u00e7ue par Le Corbusier en 1920. Une villa de luxe \u00e0 Capri avec vue sur la mer et les Faraglioni.","robots":{"index":"index","follow":"follow","max-snippet":"max-snippet:-1","max-image-preview":"max-image-preview:large","max-video-preview":"max-video-preview:-1"},"canonical":"https:\/\/www.manfredihotels.com\/fr\/punta-tragara\/historie-et-lieu\/","og_locale":"fr_FR","og_type":"article","og_title":"Histoire et emplacement de l'h\u00f4tel cinq \u00e9toiles exclusif de Capri - Punta Tragara","og_description":"L'h\u00f4tel de luxe cinq \u00e9toiles Punta Tragara est une r\u00e9sidence exclusive con\u00e7ue par Le Corbusier en 1920. Une villa de luxe \u00e0 Capri avec vue sur la mer et les Faraglioni.","og_url":"https:\/\/www.manfredihotels.com\/fr\/punta-tragara\/historie-et-lieu\/","og_site_name":"Manfredi Fine Hotels Collection","article_modified_time":"2024-04-04T13:14:55+00:00","twitter_card":"summary_large_image","schema":{"@context":"https:\/\/schema.org","@graph":[{"@type":"WebPage","@id":"https:\/\/www.manfredihotels.com\/fr\/punta-tragara\/historie-et-lieu\/","url":"https:\/\/www.manfredihotels.com\/fr\/punta-tragara\/historie-et-lieu\/","name":"Histoire et emplacement de l'h\u00f4tel cinq \u00e9toiles exclusif de Capri - Punta Tragara","isPartOf":{"@id":"https:\/\/www.manfredihotels.com\/fr\/#website"},"datePublished":"2021-03-04T10:47:01+00:00","dateModified":"2024-04-04T13:14:55+00:00","description":"L'h\u00f4tel de luxe cinq \u00e9toiles Punta Tragara est une r\u00e9sidence exclusive con\u00e7ue par Le Corbusier en 1920. Une villa de luxe \u00e0 Capri avec vue sur la mer et les Faraglioni.","breadcrumb":{"@id":"https:\/\/www.manfredihotels.com\/fr\/punta-tragara\/historie-et-lieu\/#breadcrumb"},"inLanguage":"fr-FR","potentialAction":[{"@type":"ReadAction","target":["https:\/\/www.manfredihotels.com\/fr\/punta-tragara\/historie-et-lieu\/"]}]},{"@type":"BreadcrumbList","@id":"https:\/\/www.manfredihotels.com\/fr\/punta-tragara\/historie-et-lieu\/#breadcrumb","itemListElement":[{"@type":"ListItem","position":1,"name":"Home","item":"https:\/\/www.manfredihotels.com\/fr\/"},{"@type":"ListItem","position":2,"name":"Punta Tragara &#8211; Histoire et Lieu"}]},{"@type":"WebSite","@id":"https:\/\/www.manfredihotels.com\/fr\/#website","url":"https:\/\/www.manfredihotels.com\/fr\/","name":"Manfredi Fine Hotels Collection","description":"Live the extraordinary","publisher":{"@id":"https:\/\/www.manfredihotels.com\/fr\/#organization"},"potentialAction":[{"@type":"SearchAction","target":{"@type":"EntryPoint","urlTemplate":"https:\/\/www.manfredihotels.com\/fr\/?s={search_term_string}"},"query-input":{"@type":"PropertyValueSpecification","valueRequired":true,"valueName":"search_term_string"}}],"inLanguage":"fr-FR"},{"@type":"Organization","@id":"https:\/\/www.manfredihotels.com\/fr\/#organization","name":"Manfredi Collection","url":"https:\/\/www.manfredihotels.com\/fr\/","logo":{"@type":"ImageObject","inLanguage":"fr-FR","@id":"https:\/\/www.manfredihotels.com\/fr\/#\/schema\/logo\/image\/","url":"https:\/\/www.manfredihotels.com\/wp-content\/uploads\/2020\/03\/Manfredi-Simbolo.png","contentUrl":"https:\/\/www.manfredihotels.com\/wp-content\/uploads\/2020\/03\/Manfredi-Simbolo.png","width":130,"height":184,"caption":"Manfredi Collection"},"image":{"@id":"https:\/\/www.manfredihotels.com\/fr\/#\/schema\/logo\/image\/"}}]}},"publishpress_future_action":{"enabled":false,"date":"2026-05-09 19:32:20","action":"change-status","newStatus":"draft","terms":[],"taxonomy":"translation_priority"},"publishpress_future_workflow_manual_trigger":{"enabledWorkflows":[]},"_links":{"self":[{"href":"https:\/\/www.manfredihotels.com\/fr\/wp-json\/wp\/v2\/pages\/18945","targetHints":{"allow":["GET"]}}],"collection":[{"href":"https:\/\/www.manfredihotels.com\/fr\/wp-json\/wp\/v2\/pages"}],"about":[{"href":"https:\/\/www.manfredihotels.com\/fr\/wp-json\/wp\/v2\/types\/page"}],"author":[{"embeddable":true,"href":"https:\/\/www.manfredihotels.com\/fr\/wp-json\/wp\/v2\/users\/10"}],"replies":[{"embeddable":true,"href":"https:\/\/www.manfredihotels.com\/fr\/wp-json\/wp\/v2\/comments?post=18945"}],"version-history":[{"count":8,"href":"https:\/\/www.manfredihotels.com\/fr\/wp-json\/wp\/v2\/pages\/18945\/revisions"}],"predecessor-version":[{"id":35952,"href":"https:\/\/www.manfredihotels.com\/fr\/wp-json\/wp\/v2\/pages\/18945\/revisions\/35952"}],"wp:attachment":[{"href":"https:\/\/www.manfredihotels.com\/fr\/wp-json\/wp\/v2\/media?parent=18945"}],"curies":[{"name":"wp","href":"https:\/\/api.w.org\/{rel}","templated":true}]}}