{"id":19629,"date":"2021-03-16T22:32:08","date_gmt":"2021-03-16T22:32:08","guid":{"rendered":"http:\/\/www.manfredihotels.com\/punta-tragara-wellness\/"},"modified":"2026-02-13T14:13:27","modified_gmt":"2026-02-13T14:13:27","slug":"punta-tragara-wellness","status":"publish","type":"page","link":"https:\/\/www.manfredihotels.com\/fr\/punta-tragara\/wellness\/","title":{"rendered":"Punta Tragara &#8211; Wellness"},"content":{"rendered":"","protected":false},"excerpt":{"rendered":"","protected":false},"author":1,"featured_media":0,"parent":0,"menu_order":0,"comment_status":"closed","ping_status":"closed","template":"template-other-page-manfredi.php","meta":{"_acf_changed":false,"footnotes":""},"class_list":["post-19629","page","type-page","status-publish","hentry"],"acf":[],"yoast_head":"<!-- This site is optimized with the Yoast SEO plugin v24.0 - https:\/\/yoast.com\/wordpress\/plugins\/seo\/ -->\n<title>Punta Tragara - Wellness - Manfredi Fine Hotels Collection<\/title>\n<meta name=\"description\" content=\"Punta Tragara. Un refuge magique nich\u00e9 dans la roche. L\u2019endroit id\u00e9al pour se r\u00e9g\u00e9n\u00e9rer dans l\u2019atmosph\u00e8re accueillante et relaxante de l\u2019Espace Bien-\u00eatre avec toute l\u2019expertise de GILI\" \/>\n<meta name=\"robots\" content=\"index, follow, max-snippet:-1, max-image-preview:large, max-video-preview:-1\" \/>\n<link rel=\"canonical\" href=\"https:\/\/www.manfredihotels.com\/fr\/punta-tragara\/wellness\/\" \/>\n<meta property=\"og:locale\" content=\"fr_FR\" \/>\n<meta property=\"og:type\" content=\"article\" \/>\n<meta property=\"og:title\" content=\"Punta Tragara - Wellness - Manfredi Fine Hotels Collection\" \/>\n<meta property=\"og:description\" content=\"Punta Tragara. Un refuge magique nich\u00e9 dans la roche. L\u2019endroit id\u00e9al pour se r\u00e9g\u00e9n\u00e9rer dans l\u2019atmosph\u00e8re accueillante et relaxante de l\u2019Espace Bien-\u00eatre avec toute l\u2019expertise de GILI\" \/>\n<meta property=\"og:url\" content=\"https:\/\/www.manfredihotels.com\/fr\/punta-tragara\/wellness\/\" \/>\n<meta property=\"og:site_name\" content=\"Manfredi Fine Hotels Collection\" \/>\n<meta property=\"article:modified_time\" content=\"2026-02-13T14:13:27+00:00\" \/>\n<meta name=\"twitter:card\" content=\"summary_large_image\" \/>\n<script type=\"application\/ld+json\" class=\"yoast-schema-graph\">{\"@context\":\"https:\/\/schema.org\",\"@graph\":[{\"@type\":\"WebPage\",\"@id\":\"https:\/\/www.manfredihotels.com\/fr\/punta-tragara\/wellness\/\",\"url\":\"https:\/\/www.manfredihotels.com\/fr\/punta-tragara\/wellness\/\",\"name\":\"Punta Tragara - Wellness - Manfredi Fine Hotels Collection\",\"isPartOf\":{\"@id\":\"https:\/\/www.manfredihotels.com\/fr\/#website\"},\"datePublished\":\"2021-03-16T22:32:08+00:00\",\"dateModified\":\"2026-02-13T14:13:27+00:00\",\"description\":\"Punta Tragara. Un refuge magique nich\u00e9 dans la roche. L\u2019endroit id\u00e9al pour se r\u00e9g\u00e9n\u00e9rer dans l\u2019atmosph\u00e8re accueillante et relaxante de l\u2019Espace Bien-\u00eatre avec toute l\u2019expertise de GILI\",\"breadcrumb\":{\"@id\":\"https:\/\/www.manfredihotels.com\/fr\/punta-tragara\/wellness\/#breadcrumb\"},\"inLanguage\":\"fr-FR\",\"potentialAction\":[{\"@type\":\"ReadAction\",\"target\":[\"https:\/\/www.manfredihotels.com\/fr\/punta-tragara\/wellness\/\"]}]},{\"@type\":\"BreadcrumbList\",\"@id\":\"https:\/\/www.manfredihotels.com\/fr\/punta-tragara\/wellness\/#breadcrumb\",\"itemListElement\":[{\"@type\":\"ListItem\",\"position\":1,\"name\":\"Home\",\"item\":\"https:\/\/www.manfredihotels.com\/fr\/\"},{\"@type\":\"ListItem\",\"position\":2,\"name\":\"Punta Tragara &#8211; Wellness\"}]},{\"@type\":\"WebSite\",\"@id\":\"https:\/\/www.manfredihotels.com\/fr\/#website\",\"url\":\"https:\/\/www.manfredihotels.com\/fr\/\",\"name\":\"Manfredi Fine Hotels Collection\",\"description\":\"Live the extraordinary\",\"publisher\":{\"@id\":\"https:\/\/www.manfredihotels.com\/fr\/#organization\"},\"potentialAction\":[{\"@type\":\"SearchAction\",\"target\":{\"@type\":\"EntryPoint\",\"urlTemplate\":\"https:\/\/www.manfredihotels.com\/fr\/?s={search_term_string}\"},\"query-input\":{\"@type\":\"PropertyValueSpecification\",\"valueRequired\":true,\"valueName\":\"search_term_string\"}}],\"inLanguage\":\"fr-FR\"},{\"@type\":\"Organization\",\"@id\":\"https:\/\/www.manfredihotels.com\/fr\/#organization\",\"name\":\"Manfredi Collection\",\"url\":\"https:\/\/www.manfredihotels.com\/fr\/\",\"logo\":{\"@type\":\"ImageObject\",\"inLanguage\":\"fr-FR\",\"@id\":\"https:\/\/www.manfredihotels.com\/fr\/#\/schema\/logo\/image\/\",\"url\":\"https:\/\/www.manfredihotels.com\/wp-content\/uploads\/2020\/03\/Manfredi-Simbolo.png\",\"contentUrl\":\"https:\/\/www.manfredihotels.com\/wp-content\/uploads\/2020\/03\/Manfredi-Simbolo.png\",\"width\":130,\"height\":184,\"caption\":\"Manfredi Collection\"},\"image\":{\"@id\":\"https:\/\/www.manfredihotels.com\/fr\/#\/schema\/logo\/image\/\"}}]}<\/script>\n<!-- \/ Yoast SEO plugin. -->","yoast_head_json":{"title":"Punta Tragara - Wellness - Manfredi Fine Hotels Collection","description":"Punta Tragara. Un refuge magique nich\u00e9 dans la roche. L\u2019endroit id\u00e9al pour se r\u00e9g\u00e9n\u00e9rer dans l\u2019atmosph\u00e8re accueillante et relaxante de l\u2019Espace Bien-\u00eatre avec toute l\u2019expertise de GILI","robots":{"index":"index","follow":"follow","max-snippet":"max-snippet:-1","max-image-preview":"max-image-preview:large","max-video-preview":"max-video-preview:-1"},"canonical":"https:\/\/www.manfredihotels.com\/fr\/punta-tragara\/wellness\/","og_locale":"fr_FR","og_type":"article","og_title":"Punta Tragara - Wellness - Manfredi Fine Hotels Collection","og_description":"Punta Tragara. Un refuge magique nich\u00e9 dans la roche. L\u2019endroit id\u00e9al pour se r\u00e9g\u00e9n\u00e9rer dans l\u2019atmosph\u00e8re accueillante et relaxante de l\u2019Espace Bien-\u00eatre avec toute l\u2019expertise de GILI","og_url":"https:\/\/www.manfredihotels.com\/fr\/punta-tragara\/wellness\/","og_site_name":"Manfredi Fine Hotels Collection","article_modified_time":"2026-02-13T14:13:27+00:00","twitter_card":"summary_large_image","schema":{"@context":"https:\/\/schema.org","@graph":[{"@type":"WebPage","@id":"https:\/\/www.manfredihotels.com\/fr\/punta-tragara\/wellness\/","url":"https:\/\/www.manfredihotels.com\/fr\/punta-tragara\/wellness\/","name":"Punta Tragara - Wellness - Manfredi Fine Hotels Collection","isPartOf":{"@id":"https:\/\/www.manfredihotels.com\/fr\/#website"},"datePublished":"2021-03-16T22:32:08+00:00","dateModified":"2026-02-13T14:13:27+00:00","description":"Punta Tragara. Un refuge magique nich\u00e9 dans la roche. L\u2019endroit id\u00e9al pour se r\u00e9g\u00e9n\u00e9rer dans l\u2019atmosph\u00e8re accueillante et relaxante de l\u2019Espace Bien-\u00eatre avec toute l\u2019expertise de GILI","breadcrumb":{"@id":"https:\/\/www.manfredihotels.com\/fr\/punta-tragara\/wellness\/#breadcrumb"},"inLanguage":"fr-FR","potentialAction":[{"@type":"ReadAction","target":["https:\/\/www.manfredihotels.com\/fr\/punta-tragara\/wellness\/"]}]},{"@type":"BreadcrumbList","@id":"https:\/\/www.manfredihotels.com\/fr\/punta-tragara\/wellness\/#breadcrumb","itemListElement":[{"@type":"ListItem","position":1,"name":"Home","item":"https:\/\/www.manfredihotels.com\/fr\/"},{"@type":"ListItem","position":2,"name":"Punta Tragara &#8211; Wellness"}]},{"@type":"WebSite","@id":"https:\/\/www.manfredihotels.com\/fr\/#website","url":"https:\/\/www.manfredihotels.com\/fr\/","name":"Manfredi Fine Hotels Collection","description":"Live the extraordinary","publisher":{"@id":"https:\/\/www.manfredihotels.com\/fr\/#organization"},"potentialAction":[{"@type":"SearchAction","target":{"@type":"EntryPoint","urlTemplate":"https:\/\/www.manfredihotels.com\/fr\/?s={search_term_string}"},"query-input":{"@type":"PropertyValueSpecification","valueRequired":true,"valueName":"search_term_string"}}],"inLanguage":"fr-FR"},{"@type":"Organization","@id":"https:\/\/www.manfredihotels.com\/fr\/#organization","name":"Manfredi Collection","url":"https:\/\/www.manfredihotels.com\/fr\/","logo":{"@type":"ImageObject","inLanguage":"fr-FR","@id":"https:\/\/www.manfredihotels.com\/fr\/#\/schema\/logo\/image\/","url":"https:\/\/www.manfredihotels.com\/wp-content\/uploads\/2020\/03\/Manfredi-Simbolo.png","contentUrl":"https:\/\/www.manfredihotels.com\/wp-content\/uploads\/2020\/03\/Manfredi-Simbolo.png","width":130,"height":184,"caption":"Manfredi Collection"},"image":{"@id":"https:\/\/www.manfredihotels.com\/fr\/#\/schema\/logo\/image\/"}}]}},"publishpress_future_action":{"enabled":false,"date":"2026-05-04 12:13:58","action":"change-status","newStatus":"draft","terms":[],"taxonomy":"translation_priority"},"publishpress_future_workflow_manual_trigger":{"enabledWorkflows":[]},"_links":{"self":[{"href":"https:\/\/www.manfredihotels.com\/fr\/wp-json\/wp\/v2\/pages\/19629","targetHints":{"allow":["GET"]}}],"collection":[{"href":"https:\/\/www.manfredihotels.com\/fr\/wp-json\/wp\/v2\/pages"}],"about":[{"href":"https:\/\/www.manfredihotels.com\/fr\/wp-json\/wp\/v2\/types\/page"}],"author":[{"embeddable":true,"href":"https:\/\/www.manfredihotels.com\/fr\/wp-json\/wp\/v2\/users\/1"}],"replies":[{"embeddable":true,"href":"https:\/\/www.manfredihotels.com\/fr\/wp-json\/wp\/v2\/comments?post=19629"}],"version-history":[{"count":10,"href":"https:\/\/www.manfredihotels.com\/fr\/wp-json\/wp\/v2\/pages\/19629\/revisions"}],"predecessor-version":[{"id":42821,"href":"https:\/\/www.manfredihotels.com\/fr\/wp-json\/wp\/v2\/pages\/19629\/revisions\/42821"}],"wp:attachment":[{"href":"https:\/\/www.manfredihotels.com\/fr\/wp-json\/wp\/v2\/media?parent=19629"}],"curies":[{"name":"wp","href":"https:\/\/api.w.org\/{rel}","templated":true}]}}