{"id":19645,"date":"2021-05-17T15:31:58","date_gmt":"2021-05-17T15:31:58","guid":{"rendered":"http:\/\/www.manfredihotels.com\/punta-tragara-cene-private\/"},"modified":"2025-10-10T15:10:37","modified_gmt":"2025-10-10T15:10:37","slug":"punta-tragara-cene-private","status":"publish","type":"page","link":"https:\/\/www.manfredihotels.com\/fr\/punta-tragara\/diners-prives-banquets\/","title":{"rendered":"Punta Tragara &#8211; \u00c9v\u00e9nements et mariages"},"content":{"rendered":"","protected":false},"excerpt":{"rendered":"","protected":false},"author":1,"featured_media":0,"parent":0,"menu_order":0,"comment_status":"closed","ping_status":"closed","template":"template-other-page-manfredi.php","meta":{"_acf_changed":false,"footnotes":""},"class_list":["post-19645","page","type-page","status-publish","hentry"],"acf":[],"yoast_head":"<!-- This site is optimized with the Yoast SEO plugin v24.0 - https:\/\/yoast.com\/wordpress\/plugins\/seo\/ -->\n<title>Punta Tragara - \u00c9v\u00e9nements et mariages - Manfredi Fine Hotels Collection<\/title>\n<meta name=\"description\" content=\"Une vue unique et incomparable. Le charme d\u2019une demeure con\u00e7ue par Le Corbusier, \u00e0 laquelle la r\u00e9novation soign\u00e9e et pr\u00e9cise \u00e0 su insuffler un style et un confort tout en cr\u00e9ant une atmosph\u00e8re qui fleure bon la dolce vita.\" \/>\n<meta name=\"robots\" content=\"index, follow, max-snippet:-1, max-image-preview:large, max-video-preview:-1\" \/>\n<link rel=\"canonical\" href=\"https:\/\/www.manfredihotels.com\/fr\/punta-tragara\/diners-prives-banquets\/\" \/>\n<meta property=\"og:locale\" content=\"fr_FR\" \/>\n<meta property=\"og:type\" content=\"article\" \/>\n<meta property=\"og:title\" content=\"Punta Tragara - \u00c9v\u00e9nements et mariages - Manfredi Fine Hotels Collection\" \/>\n<meta property=\"og:description\" content=\"Une vue unique et incomparable. Le charme d\u2019une demeure con\u00e7ue par Le Corbusier, \u00e0 laquelle la r\u00e9novation soign\u00e9e et pr\u00e9cise \u00e0 su insuffler un style et un confort tout en cr\u00e9ant une atmosph\u00e8re qui fleure bon la dolce vita.\" \/>\n<meta property=\"og:url\" content=\"https:\/\/www.manfredihotels.com\/fr\/punta-tragara\/diners-prives-banquets\/\" \/>\n<meta property=\"og:site_name\" content=\"Manfredi Fine Hotels Collection\" \/>\n<meta property=\"article:modified_time\" content=\"2025-10-10T15:10:37+00:00\" \/>\n<meta name=\"twitter:card\" content=\"summary_large_image\" \/>\n<script type=\"application\/ld+json\" class=\"yoast-schema-graph\">{\"@context\":\"https:\/\/schema.org\",\"@graph\":[{\"@type\":\"WebPage\",\"@id\":\"https:\/\/www.manfredihotels.com\/fr\/punta-tragara\/diners-prives-banquets\/\",\"url\":\"https:\/\/www.manfredihotels.com\/fr\/punta-tragara\/diners-prives-banquets\/\",\"name\":\"Punta Tragara - \u00c9v\u00e9nements et mariages - Manfredi Fine Hotels Collection\",\"isPartOf\":{\"@id\":\"https:\/\/www.manfredihotels.com\/fr\/#website\"},\"datePublished\":\"2021-05-17T15:31:58+00:00\",\"dateModified\":\"2025-10-10T15:10:37+00:00\",\"description\":\"Une vue unique et incomparable. Le charme d\u2019une demeure con\u00e7ue par Le Corbusier, \u00e0 laquelle la r\u00e9novation soign\u00e9e et pr\u00e9cise \u00e0 su insuffler un style et un confort tout en cr\u00e9ant une atmosph\u00e8re qui fleure bon la dolce vita.\",\"breadcrumb\":{\"@id\":\"https:\/\/www.manfredihotels.com\/fr\/punta-tragara\/diners-prives-banquets\/#breadcrumb\"},\"inLanguage\":\"fr-FR\",\"potentialAction\":[{\"@type\":\"ReadAction\",\"target\":[\"https:\/\/www.manfredihotels.com\/fr\/punta-tragara\/diners-prives-banquets\/\"]}]},{\"@type\":\"BreadcrumbList\",\"@id\":\"https:\/\/www.manfredihotels.com\/fr\/punta-tragara\/diners-prives-banquets\/#breadcrumb\",\"itemListElement\":[{\"@type\":\"ListItem\",\"position\":1,\"name\":\"Home\",\"item\":\"https:\/\/www.manfredihotels.com\/fr\/\"},{\"@type\":\"ListItem\",\"position\":2,\"name\":\"Punta Tragara &#8211; \u00c9v\u00e9nements et mariages\"}]},{\"@type\":\"WebSite\",\"@id\":\"https:\/\/www.manfredihotels.com\/fr\/#website\",\"url\":\"https:\/\/www.manfredihotels.com\/fr\/\",\"name\":\"Manfredi Fine Hotels Collection\",\"description\":\"Live the extraordinary\",\"publisher\":{\"@id\":\"https:\/\/www.manfredihotels.com\/fr\/#organization\"},\"potentialAction\":[{\"@type\":\"SearchAction\",\"target\":{\"@type\":\"EntryPoint\",\"urlTemplate\":\"https:\/\/www.manfredihotels.com\/fr\/?s={search_term_string}\"},\"query-input\":{\"@type\":\"PropertyValueSpecification\",\"valueRequired\":true,\"valueName\":\"search_term_string\"}}],\"inLanguage\":\"fr-FR\"},{\"@type\":\"Organization\",\"@id\":\"https:\/\/www.manfredihotels.com\/fr\/#organization\",\"name\":\"Manfredi Collection\",\"url\":\"https:\/\/www.manfredihotels.com\/fr\/\",\"logo\":{\"@type\":\"ImageObject\",\"inLanguage\":\"fr-FR\",\"@id\":\"https:\/\/www.manfredihotels.com\/fr\/#\/schema\/logo\/image\/\",\"url\":\"https:\/\/www.manfredihotels.com\/wp-content\/uploads\/2020\/03\/Manfredi-Simbolo.png\",\"contentUrl\":\"https:\/\/www.manfredihotels.com\/wp-content\/uploads\/2020\/03\/Manfredi-Simbolo.png\",\"width\":130,\"height\":184,\"caption\":\"Manfredi Collection\"},\"image\":{\"@id\":\"https:\/\/www.manfredihotels.com\/fr\/#\/schema\/logo\/image\/\"}}]}<\/script>\n<!-- \/ Yoast SEO plugin. -->","yoast_head_json":{"title":"Punta Tragara - \u00c9v\u00e9nements et mariages - Manfredi Fine Hotels Collection","description":"Une vue unique et incomparable. Le charme d\u2019une demeure con\u00e7ue par Le Corbusier, \u00e0 laquelle la r\u00e9novation soign\u00e9e et pr\u00e9cise \u00e0 su insuffler un style et un confort tout en cr\u00e9ant une atmosph\u00e8re qui fleure bon la dolce vita.","robots":{"index":"index","follow":"follow","max-snippet":"max-snippet:-1","max-image-preview":"max-image-preview:large","max-video-preview":"max-video-preview:-1"},"canonical":"https:\/\/www.manfredihotels.com\/fr\/punta-tragara\/diners-prives-banquets\/","og_locale":"fr_FR","og_type":"article","og_title":"Punta Tragara - \u00c9v\u00e9nements et mariages - Manfredi Fine Hotels Collection","og_description":"Une vue unique et incomparable. Le charme d\u2019une demeure con\u00e7ue par Le Corbusier, \u00e0 laquelle la r\u00e9novation soign\u00e9e et pr\u00e9cise \u00e0 su insuffler un style et un confort tout en cr\u00e9ant une atmosph\u00e8re qui fleure bon la dolce vita.","og_url":"https:\/\/www.manfredihotels.com\/fr\/punta-tragara\/diners-prives-banquets\/","og_site_name":"Manfredi Fine Hotels Collection","article_modified_time":"2025-10-10T15:10:37+00:00","twitter_card":"summary_large_image","schema":{"@context":"https:\/\/schema.org","@graph":[{"@type":"WebPage","@id":"https:\/\/www.manfredihotels.com\/fr\/punta-tragara\/diners-prives-banquets\/","url":"https:\/\/www.manfredihotels.com\/fr\/punta-tragara\/diners-prives-banquets\/","name":"Punta Tragara - \u00c9v\u00e9nements et mariages - Manfredi Fine Hotels Collection","isPartOf":{"@id":"https:\/\/www.manfredihotels.com\/fr\/#website"},"datePublished":"2021-05-17T15:31:58+00:00","dateModified":"2025-10-10T15:10:37+00:00","description":"Une vue unique et incomparable. Le charme d\u2019une demeure con\u00e7ue par Le Corbusier, \u00e0 laquelle la r\u00e9novation soign\u00e9e et pr\u00e9cise \u00e0 su insuffler un style et un confort tout en cr\u00e9ant une atmosph\u00e8re qui fleure bon la dolce vita.","breadcrumb":{"@id":"https:\/\/www.manfredihotels.com\/fr\/punta-tragara\/diners-prives-banquets\/#breadcrumb"},"inLanguage":"fr-FR","potentialAction":[{"@type":"ReadAction","target":["https:\/\/www.manfredihotels.com\/fr\/punta-tragara\/diners-prives-banquets\/"]}]},{"@type":"BreadcrumbList","@id":"https:\/\/www.manfredihotels.com\/fr\/punta-tragara\/diners-prives-banquets\/#breadcrumb","itemListElement":[{"@type":"ListItem","position":1,"name":"Home","item":"https:\/\/www.manfredihotels.com\/fr\/"},{"@type":"ListItem","position":2,"name":"Punta Tragara &#8211; \u00c9v\u00e9nements et mariages"}]},{"@type":"WebSite","@id":"https:\/\/www.manfredihotels.com\/fr\/#website","url":"https:\/\/www.manfredihotels.com\/fr\/","name":"Manfredi Fine Hotels Collection","description":"Live the extraordinary","publisher":{"@id":"https:\/\/www.manfredihotels.com\/fr\/#organization"},"potentialAction":[{"@type":"SearchAction","target":{"@type":"EntryPoint","urlTemplate":"https:\/\/www.manfredihotels.com\/fr\/?s={search_term_string}"},"query-input":{"@type":"PropertyValueSpecification","valueRequired":true,"valueName":"search_term_string"}}],"inLanguage":"fr-FR"},{"@type":"Organization","@id":"https:\/\/www.manfredihotels.com\/fr\/#organization","name":"Manfredi Collection","url":"https:\/\/www.manfredihotels.com\/fr\/","logo":{"@type":"ImageObject","inLanguage":"fr-FR","@id":"https:\/\/www.manfredihotels.com\/fr\/#\/schema\/logo\/image\/","url":"https:\/\/www.manfredihotels.com\/wp-content\/uploads\/2020\/03\/Manfredi-Simbolo.png","contentUrl":"https:\/\/www.manfredihotels.com\/wp-content\/uploads\/2020\/03\/Manfredi-Simbolo.png","width":130,"height":184,"caption":"Manfredi Collection"},"image":{"@id":"https:\/\/www.manfredihotels.com\/fr\/#\/schema\/logo\/image\/"}}]}},"publishpress_future_action":{"enabled":false,"date":"2026-05-04 10:57:48","action":"change-status","newStatus":"draft","terms":[],"taxonomy":"translation_priority"},"publishpress_future_workflow_manual_trigger":{"enabledWorkflows":[]},"_links":{"self":[{"href":"https:\/\/www.manfredihotels.com\/fr\/wp-json\/wp\/v2\/pages\/19645","targetHints":{"allow":["GET"]}}],"collection":[{"href":"https:\/\/www.manfredihotels.com\/fr\/wp-json\/wp\/v2\/pages"}],"about":[{"href":"https:\/\/www.manfredihotels.com\/fr\/wp-json\/wp\/v2\/types\/page"}],"author":[{"embeddable":true,"href":"https:\/\/www.manfredihotels.com\/fr\/wp-json\/wp\/v2\/users\/1"}],"replies":[{"embeddable":true,"href":"https:\/\/www.manfredihotels.com\/fr\/wp-json\/wp\/v2\/comments?post=19645"}],"version-history":[{"count":20,"href":"https:\/\/www.manfredihotels.com\/fr\/wp-json\/wp\/v2\/pages\/19645\/revisions"}],"predecessor-version":[{"id":41401,"href":"https:\/\/www.manfredihotels.com\/fr\/wp-json\/wp\/v2\/pages\/19645\/revisions\/41401"}],"wp:attachment":[{"href":"https:\/\/www.manfredihotels.com\/fr\/wp-json\/wp\/v2\/media?parent=19645"}],"curies":[{"name":"wp","href":"https:\/\/api.w.org\/{rel}","templated":true}]}}