{"id":21613,"date":"2021-10-11T07:59:36","date_gmt":"2021-10-11T07:59:36","guid":{"rendered":"http:\/\/www.manfredihotels.com\/home\/gds-code\/"},"modified":"2021-12-20T14:43:33","modified_gmt":"2021-12-20T14:43:33","slug":"gds-code","status":"publish","type":"page","link":"https:\/\/www.manfredihotels.com\/fr\/gds-code\/","title":{"rendered":"Code GDS"},"content":{"rendered":"","protected":false},"excerpt":{"rendered":"","protected":false},"author":14,"featured_media":7501,"parent":0,"menu_order":0,"comment_status":"closed","ping_status":"closed","template":"template-other-page-manfredi.php","meta":{"_acf_changed":false,"footnotes":""},"class_list":["post-21613","page","type-page","status-publish","has-post-thumbnail","hentry"],"acf":[],"yoast_head":"<!-- This site is optimized with the Yoast SEO plugin v24.0 - https:\/\/yoast.com\/wordpress\/plugins\/seo\/ -->\n<title>Code GDS - Manfredi Fine Hotels Collection<\/title>\n<meta name=\"description\" content=\"La Collection Manfredi comprend des h\u00f4tels de luxe \u00e0 Capri et \u00e0 Rome et des restaurants \u00e9toil\u00e9s, situ\u00e9s dans une position exclusive avec une tr\u00e8s haute qualit\u00e9 de services.\" \/>\n<meta name=\"robots\" content=\"index, follow, max-snippet:-1, max-image-preview:large, max-video-preview:-1\" \/>\n<link rel=\"canonical\" href=\"https:\/\/www.manfredihotels.com\/fr\/gds-code\/\" \/>\n<meta property=\"og:locale\" content=\"fr_FR\" \/>\n<meta property=\"og:type\" content=\"article\" \/>\n<meta property=\"og:title\" content=\"Code GDS - Manfredi Fine Hotels Collection\" \/>\n<meta property=\"og:description\" content=\"La Collection Manfredi comprend des h\u00f4tels de luxe \u00e0 Capri et \u00e0 Rome et des restaurants \u00e9toil\u00e9s, situ\u00e9s dans une position exclusive avec une tr\u00e8s haute qualit\u00e9 de services.\" \/>\n<meta property=\"og:url\" content=\"https:\/\/www.manfredihotels.com\/fr\/gds-code\/\" \/>\n<meta property=\"og:site_name\" content=\"Manfredi Fine Hotels Collection\" \/>\n<meta property=\"article:modified_time\" content=\"2021-12-20T14:43:33+00:00\" \/>\n<meta property=\"og:image\" content=\"https:\/\/www.manfredihotels.com\/wp-content\/uploads\/2020\/03\/suite_tragara-6.jpg\" \/>\n\t<meta property=\"og:image:width\" content=\"1440\" \/>\n\t<meta property=\"og:image:height\" content=\"960\" \/>\n\t<meta property=\"og:image:type\" content=\"image\/jpeg\" \/>\n<meta name=\"twitter:card\" content=\"summary_large_image\" \/>\n<script type=\"application\/ld+json\" class=\"yoast-schema-graph\">{\"@context\":\"https:\/\/schema.org\",\"@graph\":[{\"@type\":\"WebPage\",\"@id\":\"https:\/\/www.manfredihotels.com\/fr\/gds-code\/\",\"url\":\"https:\/\/www.manfredihotels.com\/fr\/gds-code\/\",\"name\":\"Code GDS - Manfredi Fine Hotels Collection\",\"isPartOf\":{\"@id\":\"https:\/\/www.manfredihotels.com\/fr\/#website\"},\"primaryImageOfPage\":{\"@id\":\"https:\/\/www.manfredihotels.com\/fr\/gds-code\/#primaryimage\"},\"image\":{\"@id\":\"https:\/\/www.manfredihotels.com\/fr\/gds-code\/#primaryimage\"},\"thumbnailUrl\":\"https:\/\/www.manfredihotels.com\/wp-content\/uploads\/2020\/03\/suite_tragara-6.jpg\",\"datePublished\":\"2021-10-11T07:59:36+00:00\",\"dateModified\":\"2021-12-20T14:43:33+00:00\",\"description\":\"La Collection Manfredi comprend des h\u00f4tels de luxe \u00e0 Capri et \u00e0 Rome et des restaurants \u00e9toil\u00e9s, situ\u00e9s dans une position exclusive avec une tr\u00e8s haute qualit\u00e9 de services.\",\"breadcrumb\":{\"@id\":\"https:\/\/www.manfredihotels.com\/fr\/gds-code\/#breadcrumb\"},\"inLanguage\":\"fr-FR\",\"potentialAction\":[{\"@type\":\"ReadAction\",\"target\":[\"https:\/\/www.manfredihotels.com\/fr\/gds-code\/\"]}]},{\"@type\":\"ImageObject\",\"inLanguage\":\"fr-FR\",\"@id\":\"https:\/\/www.manfredihotels.com\/fr\/gds-code\/#primaryimage\",\"url\":\"https:\/\/www.manfredihotels.com\/wp-content\/uploads\/2020\/03\/suite_tragara-6.jpg\",\"contentUrl\":\"https:\/\/www.manfredihotels.com\/wp-content\/uploads\/2020\/03\/suite_tragara-6.jpg\",\"width\":1440,\"height\":960},{\"@type\":\"BreadcrumbList\",\"@id\":\"https:\/\/www.manfredihotels.com\/fr\/gds-code\/#breadcrumb\",\"itemListElement\":[{\"@type\":\"ListItem\",\"position\":1,\"name\":\"Home\",\"item\":\"https:\/\/www.manfredihotels.com\/fr\/\"},{\"@type\":\"ListItem\",\"position\":2,\"name\":\"Code GDS\"}]},{\"@type\":\"WebSite\",\"@id\":\"https:\/\/www.manfredihotels.com\/fr\/#website\",\"url\":\"https:\/\/www.manfredihotels.com\/fr\/\",\"name\":\"Manfredi Fine Hotels Collection\",\"description\":\"Live the extraordinary\",\"publisher\":{\"@id\":\"https:\/\/www.manfredihotels.com\/fr\/#organization\"},\"potentialAction\":[{\"@type\":\"SearchAction\",\"target\":{\"@type\":\"EntryPoint\",\"urlTemplate\":\"https:\/\/www.manfredihotels.com\/fr\/?s={search_term_string}\"},\"query-input\":{\"@type\":\"PropertyValueSpecification\",\"valueRequired\":true,\"valueName\":\"search_term_string\"}}],\"inLanguage\":\"fr-FR\"},{\"@type\":\"Organization\",\"@id\":\"https:\/\/www.manfredihotels.com\/fr\/#organization\",\"name\":\"Manfredi Collection\",\"url\":\"https:\/\/www.manfredihotels.com\/fr\/\",\"logo\":{\"@type\":\"ImageObject\",\"inLanguage\":\"fr-FR\",\"@id\":\"https:\/\/www.manfredihotels.com\/fr\/#\/schema\/logo\/image\/\",\"url\":\"https:\/\/www.manfredihotels.com\/wp-content\/uploads\/2020\/03\/Manfredi-Simbolo.png\",\"contentUrl\":\"https:\/\/www.manfredihotels.com\/wp-content\/uploads\/2020\/03\/Manfredi-Simbolo.png\",\"width\":130,\"height\":184,\"caption\":\"Manfredi Collection\"},\"image\":{\"@id\":\"https:\/\/www.manfredihotels.com\/fr\/#\/schema\/logo\/image\/\"}}]}<\/script>\n<!-- \/ Yoast SEO plugin. -->","yoast_head_json":{"title":"Code GDS - Manfredi Fine Hotels Collection","description":"La Collection Manfredi comprend des h\u00f4tels de luxe \u00e0 Capri et \u00e0 Rome et des restaurants \u00e9toil\u00e9s, situ\u00e9s dans une position exclusive avec une tr\u00e8s haute qualit\u00e9 de services.","robots":{"index":"index","follow":"follow","max-snippet":"max-snippet:-1","max-image-preview":"max-image-preview:large","max-video-preview":"max-video-preview:-1"},"canonical":"https:\/\/www.manfredihotels.com\/fr\/gds-code\/","og_locale":"fr_FR","og_type":"article","og_title":"Code GDS - Manfredi Fine Hotels Collection","og_description":"La Collection Manfredi comprend des h\u00f4tels de luxe \u00e0 Capri et \u00e0 Rome et des restaurants \u00e9toil\u00e9s, situ\u00e9s dans une position exclusive avec une tr\u00e8s haute qualit\u00e9 de services.","og_url":"https:\/\/www.manfredihotels.com\/fr\/gds-code\/","og_site_name":"Manfredi Fine Hotels Collection","article_modified_time":"2021-12-20T14:43:33+00:00","og_image":[{"width":1440,"height":960,"url":"https:\/\/www.manfredihotels.com\/wp-content\/uploads\/2020\/03\/suite_tragara-6.jpg","type":"image\/jpeg"}],"twitter_card":"summary_large_image","schema":{"@context":"https:\/\/schema.org","@graph":[{"@type":"WebPage","@id":"https:\/\/www.manfredihotels.com\/fr\/gds-code\/","url":"https:\/\/www.manfredihotels.com\/fr\/gds-code\/","name":"Code GDS - Manfredi Fine Hotels Collection","isPartOf":{"@id":"https:\/\/www.manfredihotels.com\/fr\/#website"},"primaryImageOfPage":{"@id":"https:\/\/www.manfredihotels.com\/fr\/gds-code\/#primaryimage"},"image":{"@id":"https:\/\/www.manfredihotels.com\/fr\/gds-code\/#primaryimage"},"thumbnailUrl":"https:\/\/www.manfredihotels.com\/wp-content\/uploads\/2020\/03\/suite_tragara-6.jpg","datePublished":"2021-10-11T07:59:36+00:00","dateModified":"2021-12-20T14:43:33+00:00","description":"La Collection Manfredi comprend des h\u00f4tels de luxe \u00e0 Capri et \u00e0 Rome et des restaurants \u00e9toil\u00e9s, situ\u00e9s dans une position exclusive avec une tr\u00e8s haute qualit\u00e9 de services.","breadcrumb":{"@id":"https:\/\/www.manfredihotels.com\/fr\/gds-code\/#breadcrumb"},"inLanguage":"fr-FR","potentialAction":[{"@type":"ReadAction","target":["https:\/\/www.manfredihotels.com\/fr\/gds-code\/"]}]},{"@type":"ImageObject","inLanguage":"fr-FR","@id":"https:\/\/www.manfredihotels.com\/fr\/gds-code\/#primaryimage","url":"https:\/\/www.manfredihotels.com\/wp-content\/uploads\/2020\/03\/suite_tragara-6.jpg","contentUrl":"https:\/\/www.manfredihotels.com\/wp-content\/uploads\/2020\/03\/suite_tragara-6.jpg","width":1440,"height":960},{"@type":"BreadcrumbList","@id":"https:\/\/www.manfredihotels.com\/fr\/gds-code\/#breadcrumb","itemListElement":[{"@type":"ListItem","position":1,"name":"Home","item":"https:\/\/www.manfredihotels.com\/fr\/"},{"@type":"ListItem","position":2,"name":"Code GDS"}]},{"@type":"WebSite","@id":"https:\/\/www.manfredihotels.com\/fr\/#website","url":"https:\/\/www.manfredihotels.com\/fr\/","name":"Manfredi Fine Hotels Collection","description":"Live the extraordinary","publisher":{"@id":"https:\/\/www.manfredihotels.com\/fr\/#organization"},"potentialAction":[{"@type":"SearchAction","target":{"@type":"EntryPoint","urlTemplate":"https:\/\/www.manfredihotels.com\/fr\/?s={search_term_string}"},"query-input":{"@type":"PropertyValueSpecification","valueRequired":true,"valueName":"search_term_string"}}],"inLanguage":"fr-FR"},{"@type":"Organization","@id":"https:\/\/www.manfredihotels.com\/fr\/#organization","name":"Manfredi Collection","url":"https:\/\/www.manfredihotels.com\/fr\/","logo":{"@type":"ImageObject","inLanguage":"fr-FR","@id":"https:\/\/www.manfredihotels.com\/fr\/#\/schema\/logo\/image\/","url":"https:\/\/www.manfredihotels.com\/wp-content\/uploads\/2020\/03\/Manfredi-Simbolo.png","contentUrl":"https:\/\/www.manfredihotels.com\/wp-content\/uploads\/2020\/03\/Manfredi-Simbolo.png","width":130,"height":184,"caption":"Manfredi Collection"},"image":{"@id":"https:\/\/www.manfredihotels.com\/fr\/#\/schema\/logo\/image\/"}}]}},"publishpress_future_action":{"enabled":false,"date":"2026-05-07 08:25:28","action":"change-status","newStatus":"draft","terms":[],"taxonomy":"translation_priority"},"publishpress_future_workflow_manual_trigger":{"enabledWorkflows":[]},"_links":{"self":[{"href":"https:\/\/www.manfredihotels.com\/fr\/wp-json\/wp\/v2\/pages\/21613","targetHints":{"allow":["GET"]}}],"collection":[{"href":"https:\/\/www.manfredihotels.com\/fr\/wp-json\/wp\/v2\/pages"}],"about":[{"href":"https:\/\/www.manfredihotels.com\/fr\/wp-json\/wp\/v2\/types\/page"}],"author":[{"embeddable":true,"href":"https:\/\/www.manfredihotels.com\/fr\/wp-json\/wp\/v2\/users\/14"}],"replies":[{"embeddable":true,"href":"https:\/\/www.manfredihotels.com\/fr\/wp-json\/wp\/v2\/comments?post=21613"}],"version-history":[{"count":7,"href":"https:\/\/www.manfredihotels.com\/fr\/wp-json\/wp\/v2\/pages\/21613\/revisions"}],"predecessor-version":[{"id":29632,"href":"https:\/\/www.manfredihotels.com\/fr\/wp-json\/wp\/v2\/pages\/21613\/revisions\/29632"}],"wp:featuredmedia":[{"embeddable":true,"href":"https:\/\/www.manfredihotels.com\/fr\/wp-json\/wp\/v2\/media\/7501"}],"wp:attachment":[{"href":"https:\/\/www.manfredihotels.com\/fr\/wp-json\/wp\/v2\/media?parent=21613"}],"curies":[{"name":"wp","href":"https:\/\/api.w.org\/{rel}","templated":true}]}}