{"id":22596,"date":"2021-11-05T18:06:21","date_gmt":"2021-11-05T18:06:21","guid":{"rendered":"http:\/\/www.manfredihotels.com\/the-court-filosofia-e-mixologist\/"},"modified":"2021-12-27T17:11:44","modified_gmt":"2021-12-27T17:11:44","slug":"the-court-filosofia-e-mixologist","status":"publish","type":"page","link":"https:\/\/www.manfredihotels.com\/fr\/the-court\/philosophie-mixologue\/","title":{"rendered":"The Court &#8211; Philosophie et mixologue"},"content":{"rendered":"","protected":false},"excerpt":{"rendered":"","protected":false},"author":1,"featured_media":0,"parent":0,"menu_order":0,"comment_status":"closed","ping_status":"closed","template":"template-other-page-manfredi.php","meta":{"_acf_changed":false,"footnotes":""},"class_list":["post-22596","page","type-page","status-publish","hentry"],"acf":[],"yoast_head":"<!-- This site is optimized with the Yoast SEO plugin v24.0 - https:\/\/yoast.com\/wordpress\/plugins\/seo\/ -->\n<title>Filosofia e Mixologist - The Court Mixology Bar Roma<\/title>\n<meta name=\"description\" content=\"The Court aspire \u00e0 devenir le lieu privil\u00e9gi\u00e9 pour les amateurs de m\u00e9langes recherch\u00e9s, \u00e0 la fois pour l\u2019ap\u00e9ritif et pour l\u2019apr\u00e8s-d\u00eener, \u00e0 savourer en baignant dans une atmosph\u00e8re enchanteresse avec une vue particuli\u00e8re sur le Colis\u00e9e et le Ludus Magnus.\" \/>\n<meta name=\"robots\" content=\"index, follow, max-snippet:-1, max-image-preview:large, max-video-preview:-1\" \/>\n<link rel=\"canonical\" href=\"https:\/\/www.manfredihotels.com\/fr\/the-court\/philosophie-mixologue\/\" \/>\n<meta property=\"og:locale\" content=\"fr_FR\" \/>\n<meta property=\"og:type\" content=\"article\" \/>\n<meta property=\"og:title\" content=\"Filosofia e Mixologist - The Court Mixology Bar Roma\" \/>\n<meta property=\"og:description\" content=\"The Court aspire \u00e0 devenir le lieu privil\u00e9gi\u00e9 pour les amateurs de m\u00e9langes recherch\u00e9s, \u00e0 la fois pour l\u2019ap\u00e9ritif et pour l\u2019apr\u00e8s-d\u00eener, \u00e0 savourer en baignant dans une atmosph\u00e8re enchanteresse avec une vue particuli\u00e8re sur le Colis\u00e9e et le Ludus Magnus.\" \/>\n<meta property=\"og:url\" content=\"https:\/\/www.manfredihotels.com\/fr\/the-court\/philosophie-mixologue\/\" \/>\n<meta property=\"og:site_name\" content=\"Manfredi Fine Hotels Collection\" \/>\n<meta property=\"article:modified_time\" content=\"2021-12-27T17:11:44+00:00\" \/>\n<meta name=\"twitter:card\" content=\"summary_large_image\" \/>\n<script type=\"application\/ld+json\" class=\"yoast-schema-graph\">{\"@context\":\"https:\/\/schema.org\",\"@graph\":[{\"@type\":\"WebPage\",\"@id\":\"https:\/\/www.manfredihotels.com\/fr\/the-court\/philosophie-mixologue\/\",\"url\":\"https:\/\/www.manfredihotels.com\/fr\/the-court\/philosophie-mixologue\/\",\"name\":\"Filosofia e Mixologist - The Court Mixology Bar Roma\",\"isPartOf\":{\"@id\":\"https:\/\/www.manfredihotels.com\/fr\/#website\"},\"datePublished\":\"2021-11-05T18:06:21+00:00\",\"dateModified\":\"2021-12-27T17:11:44+00:00\",\"description\":\"The Court aspire \u00e0 devenir le lieu privil\u00e9gi\u00e9 pour les amateurs de m\u00e9langes recherch\u00e9s, \u00e0 la fois pour l\u2019ap\u00e9ritif et pour l\u2019apr\u00e8s-d\u00eener, \u00e0 savourer en baignant dans une atmosph\u00e8re enchanteresse avec une vue particuli\u00e8re sur le Colis\u00e9e et le Ludus Magnus.\",\"breadcrumb\":{\"@id\":\"https:\/\/www.manfredihotels.com\/fr\/the-court\/philosophie-mixologue\/#breadcrumb\"},\"inLanguage\":\"fr-FR\",\"potentialAction\":[{\"@type\":\"ReadAction\",\"target\":[\"https:\/\/www.manfredihotels.com\/fr\/the-court\/philosophie-mixologue\/\"]}]},{\"@type\":\"BreadcrumbList\",\"@id\":\"https:\/\/www.manfredihotels.com\/fr\/the-court\/philosophie-mixologue\/#breadcrumb\",\"itemListElement\":[{\"@type\":\"ListItem\",\"position\":1,\"name\":\"Home\",\"item\":\"https:\/\/www.manfredihotels.com\/fr\/\"},{\"@type\":\"ListItem\",\"position\":2,\"name\":\"The Court &#8211; Philosophie et mixologue\"}]},{\"@type\":\"WebSite\",\"@id\":\"https:\/\/www.manfredihotels.com\/fr\/#website\",\"url\":\"https:\/\/www.manfredihotels.com\/fr\/\",\"name\":\"Manfredi Fine Hotels Collection\",\"description\":\"Live the extraordinary\",\"publisher\":{\"@id\":\"https:\/\/www.manfredihotels.com\/fr\/#organization\"},\"potentialAction\":[{\"@type\":\"SearchAction\",\"target\":{\"@type\":\"EntryPoint\",\"urlTemplate\":\"https:\/\/www.manfredihotels.com\/fr\/?s={search_term_string}\"},\"query-input\":{\"@type\":\"PropertyValueSpecification\",\"valueRequired\":true,\"valueName\":\"search_term_string\"}}],\"inLanguage\":\"fr-FR\"},{\"@type\":\"Organization\",\"@id\":\"https:\/\/www.manfredihotels.com\/fr\/#organization\",\"name\":\"Manfredi Collection\",\"url\":\"https:\/\/www.manfredihotels.com\/fr\/\",\"logo\":{\"@type\":\"ImageObject\",\"inLanguage\":\"fr-FR\",\"@id\":\"https:\/\/www.manfredihotels.com\/fr\/#\/schema\/logo\/image\/\",\"url\":\"https:\/\/www.manfredihotels.com\/wp-content\/uploads\/2020\/03\/Manfredi-Simbolo.png\",\"contentUrl\":\"https:\/\/www.manfredihotels.com\/wp-content\/uploads\/2020\/03\/Manfredi-Simbolo.png\",\"width\":130,\"height\":184,\"caption\":\"Manfredi Collection\"},\"image\":{\"@id\":\"https:\/\/www.manfredihotels.com\/fr\/#\/schema\/logo\/image\/\"}}]}<\/script>\n<!-- \/ Yoast SEO plugin. -->","yoast_head_json":{"title":"Filosofia e Mixologist - The Court Mixology Bar Roma","description":"The Court aspire \u00e0 devenir le lieu privil\u00e9gi\u00e9 pour les amateurs de m\u00e9langes recherch\u00e9s, \u00e0 la fois pour l\u2019ap\u00e9ritif et pour l\u2019apr\u00e8s-d\u00eener, \u00e0 savourer en baignant dans une atmosph\u00e8re enchanteresse avec une vue particuli\u00e8re sur le Colis\u00e9e et le Ludus Magnus.","robots":{"index":"index","follow":"follow","max-snippet":"max-snippet:-1","max-image-preview":"max-image-preview:large","max-video-preview":"max-video-preview:-1"},"canonical":"https:\/\/www.manfredihotels.com\/fr\/the-court\/philosophie-mixologue\/","og_locale":"fr_FR","og_type":"article","og_title":"Filosofia e Mixologist - The Court Mixology Bar Roma","og_description":"The Court aspire \u00e0 devenir le lieu privil\u00e9gi\u00e9 pour les amateurs de m\u00e9langes recherch\u00e9s, \u00e0 la fois pour l\u2019ap\u00e9ritif et pour l\u2019apr\u00e8s-d\u00eener, \u00e0 savourer en baignant dans une atmosph\u00e8re enchanteresse avec une vue particuli\u00e8re sur le Colis\u00e9e et le Ludus Magnus.","og_url":"https:\/\/www.manfredihotels.com\/fr\/the-court\/philosophie-mixologue\/","og_site_name":"Manfredi Fine Hotels Collection","article_modified_time":"2021-12-27T17:11:44+00:00","twitter_card":"summary_large_image","schema":{"@context":"https:\/\/schema.org","@graph":[{"@type":"WebPage","@id":"https:\/\/www.manfredihotels.com\/fr\/the-court\/philosophie-mixologue\/","url":"https:\/\/www.manfredihotels.com\/fr\/the-court\/philosophie-mixologue\/","name":"Filosofia e Mixologist - The Court Mixology Bar Roma","isPartOf":{"@id":"https:\/\/www.manfredihotels.com\/fr\/#website"},"datePublished":"2021-11-05T18:06:21+00:00","dateModified":"2021-12-27T17:11:44+00:00","description":"The Court aspire \u00e0 devenir le lieu privil\u00e9gi\u00e9 pour les amateurs de m\u00e9langes recherch\u00e9s, \u00e0 la fois pour l\u2019ap\u00e9ritif et pour l\u2019apr\u00e8s-d\u00eener, \u00e0 savourer en baignant dans une atmosph\u00e8re enchanteresse avec une vue particuli\u00e8re sur le Colis\u00e9e et le Ludus Magnus.","breadcrumb":{"@id":"https:\/\/www.manfredihotels.com\/fr\/the-court\/philosophie-mixologue\/#breadcrumb"},"inLanguage":"fr-FR","potentialAction":[{"@type":"ReadAction","target":["https:\/\/www.manfredihotels.com\/fr\/the-court\/philosophie-mixologue\/"]}]},{"@type":"BreadcrumbList","@id":"https:\/\/www.manfredihotels.com\/fr\/the-court\/philosophie-mixologue\/#breadcrumb","itemListElement":[{"@type":"ListItem","position":1,"name":"Home","item":"https:\/\/www.manfredihotels.com\/fr\/"},{"@type":"ListItem","position":2,"name":"The Court &#8211; Philosophie et mixologue"}]},{"@type":"WebSite","@id":"https:\/\/www.manfredihotels.com\/fr\/#website","url":"https:\/\/www.manfredihotels.com\/fr\/","name":"Manfredi Fine Hotels Collection","description":"Live the extraordinary","publisher":{"@id":"https:\/\/www.manfredihotels.com\/fr\/#organization"},"potentialAction":[{"@type":"SearchAction","target":{"@type":"EntryPoint","urlTemplate":"https:\/\/www.manfredihotels.com\/fr\/?s={search_term_string}"},"query-input":{"@type":"PropertyValueSpecification","valueRequired":true,"valueName":"search_term_string"}}],"inLanguage":"fr-FR"},{"@type":"Organization","@id":"https:\/\/www.manfredihotels.com\/fr\/#organization","name":"Manfredi Collection","url":"https:\/\/www.manfredihotels.com\/fr\/","logo":{"@type":"ImageObject","inLanguage":"fr-FR","@id":"https:\/\/www.manfredihotels.com\/fr\/#\/schema\/logo\/image\/","url":"https:\/\/www.manfredihotels.com\/wp-content\/uploads\/2020\/03\/Manfredi-Simbolo.png","contentUrl":"https:\/\/www.manfredihotels.com\/wp-content\/uploads\/2020\/03\/Manfredi-Simbolo.png","width":130,"height":184,"caption":"Manfredi Collection"},"image":{"@id":"https:\/\/www.manfredihotels.com\/fr\/#\/schema\/logo\/image\/"}}]}},"publishpress_future_action":{"enabled":false,"date":"2026-05-04 12:20:58","action":"change-status","newStatus":"draft","terms":[],"taxonomy":"translation_priority"},"publishpress_future_workflow_manual_trigger":{"enabledWorkflows":[]},"_links":{"self":[{"href":"https:\/\/www.manfredihotels.com\/fr\/wp-json\/wp\/v2\/pages\/22596","targetHints":{"allow":["GET"]}}],"collection":[{"href":"https:\/\/www.manfredihotels.com\/fr\/wp-json\/wp\/v2\/pages"}],"about":[{"href":"https:\/\/www.manfredihotels.com\/fr\/wp-json\/wp\/v2\/types\/page"}],"author":[{"embeddable":true,"href":"https:\/\/www.manfredihotels.com\/fr\/wp-json\/wp\/v2\/users\/1"}],"replies":[{"embeddable":true,"href":"https:\/\/www.manfredihotels.com\/fr\/wp-json\/wp\/v2\/comments?post=22596"}],"version-history":[{"count":7,"href":"https:\/\/www.manfredihotels.com\/fr\/wp-json\/wp\/v2\/pages\/22596\/revisions"}],"predecessor-version":[{"id":28991,"href":"https:\/\/www.manfredihotels.com\/fr\/wp-json\/wp\/v2\/pages\/22596\/revisions\/28991"}],"wp:attachment":[{"href":"https:\/\/www.manfredihotels.com\/fr\/wp-json\/wp\/v2\/media?parent=22596"}],"curies":[{"name":"wp","href":"https:\/\/api.w.org\/{rel}","templated":true}]}}