{"id":40809,"date":"2022-04-08T13:24:43","date_gmt":"2022-04-08T13:24:43","guid":{"rendered":"https:\/\/www.manfredihotels.com\/hotel-di-lusso-a-capri-con-vista-mare\/"},"modified":"2025-10-10T14:48:20","modified_gmt":"2025-10-10T14:48:20","slug":"hotel-di-lusso-a-capri-con-vista-mare","status":"publish","type":"page","link":"https:\/\/www.manfredihotels.com\/fr\/hotel-de-luxe-a-capri-avec-vue-sur-la-mer\/","title":{"rendered":"H\u00f4tel de luxe \u00e0 Capri avec vue sur la mer"},"content":{"rendered":"","protected":false},"excerpt":{"rendered":"","protected":false},"author":18,"featured_media":0,"parent":0,"menu_order":0,"comment_status":"closed","ping_status":"closed","template":"template-other-page-manfredi.php","meta":{"_acf_changed":false,"footnotes":""},"class_list":["post-40809","page","type-page","status-publish","hentry"],"acf":[],"yoast_head":"<!-- This site is optimized with the Yoast SEO plugin v24.0 - https:\/\/yoast.com\/wordpress\/plugins\/seo\/ -->\n<title>H\u00f4tel de luxe \u00e0 Capri avec vue sur la mer - Manfredi Fine Hotels Collection<\/title>\n<meta name=\"description\" content=\"S\u00e9journez dans les h\u00f4tels de Capri avec vue sur la mer Manfredi Collection : l\u2019h\u00f4tel 5 \u00e9toiles Punta Tragara avec une vue imprenable sur les Faraglioni.\" \/>\n<meta name=\"robots\" content=\"index, follow, max-snippet:-1, max-image-preview:large, max-video-preview:-1\" \/>\n<link rel=\"canonical\" href=\"https:\/\/www.manfredihotels.com\/fr\/hotel-de-luxe-a-capri-avec-vue-sur-la-mer\/\" \/>\n<meta property=\"og:locale\" content=\"fr_FR\" \/>\n<meta property=\"og:type\" content=\"article\" \/>\n<meta property=\"og:title\" content=\"H\u00f4tel de luxe \u00e0 Capri avec vue sur la mer - Manfredi Fine Hotels Collection\" \/>\n<meta property=\"og:description\" content=\"S\u00e9journez dans les h\u00f4tels de Capri avec vue sur la mer Manfredi Collection : l\u2019h\u00f4tel 5 \u00e9toiles Punta Tragara avec une vue imprenable sur les Faraglioni.\" \/>\n<meta property=\"og:url\" content=\"https:\/\/www.manfredihotels.com\/fr\/hotel-de-luxe-a-capri-avec-vue-sur-la-mer\/\" \/>\n<meta property=\"og:site_name\" content=\"Manfredi Fine Hotels Collection\" \/>\n<meta property=\"article:modified_time\" content=\"2025-10-10T14:48:20+00:00\" \/>\n<meta name=\"twitter:card\" content=\"summary_large_image\" \/>\n<script type=\"application\/ld+json\" class=\"yoast-schema-graph\">{\"@context\":\"https:\/\/schema.org\",\"@graph\":[{\"@type\":\"WebPage\",\"@id\":\"https:\/\/www.manfredihotels.com\/fr\/hotel-de-luxe-a-capri-avec-vue-sur-la-mer\/\",\"url\":\"https:\/\/www.manfredihotels.com\/fr\/hotel-de-luxe-a-capri-avec-vue-sur-la-mer\/\",\"name\":\"H\u00f4tel de luxe \u00e0 Capri avec vue sur la mer - Manfredi Fine Hotels Collection\",\"isPartOf\":{\"@id\":\"https:\/\/www.manfredihotels.com\/fr\/#website\"},\"datePublished\":\"2022-04-08T13:24:43+00:00\",\"dateModified\":\"2025-10-10T14:48:20+00:00\",\"description\":\"S\u00e9journez dans les h\u00f4tels de Capri avec vue sur la mer Manfredi Collection : l\u2019h\u00f4tel 5 \u00e9toiles Punta Tragara avec une vue imprenable sur les Faraglioni.\",\"breadcrumb\":{\"@id\":\"https:\/\/www.manfredihotels.com\/fr\/hotel-de-luxe-a-capri-avec-vue-sur-la-mer\/#breadcrumb\"},\"inLanguage\":\"fr-FR\",\"potentialAction\":[{\"@type\":\"ReadAction\",\"target\":[\"https:\/\/www.manfredihotels.com\/fr\/hotel-de-luxe-a-capri-avec-vue-sur-la-mer\/\"]}]},{\"@type\":\"BreadcrumbList\",\"@id\":\"https:\/\/www.manfredihotels.com\/fr\/hotel-de-luxe-a-capri-avec-vue-sur-la-mer\/#breadcrumb\",\"itemListElement\":[{\"@type\":\"ListItem\",\"position\":1,\"name\":\"Home\",\"item\":\"https:\/\/www.manfredihotels.com\/fr\/\"},{\"@type\":\"ListItem\",\"position\":2,\"name\":\"H\u00f4tel de luxe \u00e0 Capri avec vue sur la mer\"}]},{\"@type\":\"WebSite\",\"@id\":\"https:\/\/www.manfredihotels.com\/fr\/#website\",\"url\":\"https:\/\/www.manfredihotels.com\/fr\/\",\"name\":\"Manfredi Fine Hotels Collection\",\"description\":\"Live the extraordinary\",\"publisher\":{\"@id\":\"https:\/\/www.manfredihotels.com\/fr\/#organization\"},\"potentialAction\":[{\"@type\":\"SearchAction\",\"target\":{\"@type\":\"EntryPoint\",\"urlTemplate\":\"https:\/\/www.manfredihotels.com\/fr\/?s={search_term_string}\"},\"query-input\":{\"@type\":\"PropertyValueSpecification\",\"valueRequired\":true,\"valueName\":\"search_term_string\"}}],\"inLanguage\":\"fr-FR\"},{\"@type\":\"Organization\",\"@id\":\"https:\/\/www.manfredihotels.com\/fr\/#organization\",\"name\":\"Manfredi Collection\",\"url\":\"https:\/\/www.manfredihotels.com\/fr\/\",\"logo\":{\"@type\":\"ImageObject\",\"inLanguage\":\"fr-FR\",\"@id\":\"https:\/\/www.manfredihotels.com\/fr\/#\/schema\/logo\/image\/\",\"url\":\"https:\/\/www.manfredihotels.com\/wp-content\/uploads\/2020\/03\/Manfredi-Simbolo.png\",\"contentUrl\":\"https:\/\/www.manfredihotels.com\/wp-content\/uploads\/2020\/03\/Manfredi-Simbolo.png\",\"width\":130,\"height\":184,\"caption\":\"Manfredi Collection\"},\"image\":{\"@id\":\"https:\/\/www.manfredihotels.com\/fr\/#\/schema\/logo\/image\/\"}}]}<\/script>\n<!-- \/ Yoast SEO plugin. -->","yoast_head_json":{"title":"H\u00f4tel de luxe \u00e0 Capri avec vue sur la mer - Manfredi Fine Hotels Collection","description":"S\u00e9journez dans les h\u00f4tels de Capri avec vue sur la mer Manfredi Collection : l\u2019h\u00f4tel 5 \u00e9toiles Punta Tragara avec une vue imprenable sur les Faraglioni.","robots":{"index":"index","follow":"follow","max-snippet":"max-snippet:-1","max-image-preview":"max-image-preview:large","max-video-preview":"max-video-preview:-1"},"canonical":"https:\/\/www.manfredihotels.com\/fr\/hotel-de-luxe-a-capri-avec-vue-sur-la-mer\/","og_locale":"fr_FR","og_type":"article","og_title":"H\u00f4tel de luxe \u00e0 Capri avec vue sur la mer - Manfredi Fine Hotels Collection","og_description":"S\u00e9journez dans les h\u00f4tels de Capri avec vue sur la mer Manfredi Collection : l\u2019h\u00f4tel 5 \u00e9toiles Punta Tragara avec une vue imprenable sur les Faraglioni.","og_url":"https:\/\/www.manfredihotels.com\/fr\/hotel-de-luxe-a-capri-avec-vue-sur-la-mer\/","og_site_name":"Manfredi Fine Hotels Collection","article_modified_time":"2025-10-10T14:48:20+00:00","twitter_card":"summary_large_image","schema":{"@context":"https:\/\/schema.org","@graph":[{"@type":"WebPage","@id":"https:\/\/www.manfredihotels.com\/fr\/hotel-de-luxe-a-capri-avec-vue-sur-la-mer\/","url":"https:\/\/www.manfredihotels.com\/fr\/hotel-de-luxe-a-capri-avec-vue-sur-la-mer\/","name":"H\u00f4tel de luxe \u00e0 Capri avec vue sur la mer - Manfredi Fine Hotels Collection","isPartOf":{"@id":"https:\/\/www.manfredihotels.com\/fr\/#website"},"datePublished":"2022-04-08T13:24:43+00:00","dateModified":"2025-10-10T14:48:20+00:00","description":"S\u00e9journez dans les h\u00f4tels de Capri avec vue sur la mer Manfredi Collection : l\u2019h\u00f4tel 5 \u00e9toiles Punta Tragara avec une vue imprenable sur les Faraglioni.","breadcrumb":{"@id":"https:\/\/www.manfredihotels.com\/fr\/hotel-de-luxe-a-capri-avec-vue-sur-la-mer\/#breadcrumb"},"inLanguage":"fr-FR","potentialAction":[{"@type":"ReadAction","target":["https:\/\/www.manfredihotels.com\/fr\/hotel-de-luxe-a-capri-avec-vue-sur-la-mer\/"]}]},{"@type":"BreadcrumbList","@id":"https:\/\/www.manfredihotels.com\/fr\/hotel-de-luxe-a-capri-avec-vue-sur-la-mer\/#breadcrumb","itemListElement":[{"@type":"ListItem","position":1,"name":"Home","item":"https:\/\/www.manfredihotels.com\/fr\/"},{"@type":"ListItem","position":2,"name":"H\u00f4tel de luxe \u00e0 Capri avec vue sur la mer"}]},{"@type":"WebSite","@id":"https:\/\/www.manfredihotels.com\/fr\/#website","url":"https:\/\/www.manfredihotels.com\/fr\/","name":"Manfredi Fine Hotels Collection","description":"Live the extraordinary","publisher":{"@id":"https:\/\/www.manfredihotels.com\/fr\/#organization"},"potentialAction":[{"@type":"SearchAction","target":{"@type":"EntryPoint","urlTemplate":"https:\/\/www.manfredihotels.com\/fr\/?s={search_term_string}"},"query-input":{"@type":"PropertyValueSpecification","valueRequired":true,"valueName":"search_term_string"}}],"inLanguage":"fr-FR"},{"@type":"Organization","@id":"https:\/\/www.manfredihotels.com\/fr\/#organization","name":"Manfredi Collection","url":"https:\/\/www.manfredihotels.com\/fr\/","logo":{"@type":"ImageObject","inLanguage":"fr-FR","@id":"https:\/\/www.manfredihotels.com\/fr\/#\/schema\/logo\/image\/","url":"https:\/\/www.manfredihotels.com\/wp-content\/uploads\/2020\/03\/Manfredi-Simbolo.png","contentUrl":"https:\/\/www.manfredihotels.com\/wp-content\/uploads\/2020\/03\/Manfredi-Simbolo.png","width":130,"height":184,"caption":"Manfredi Collection"},"image":{"@id":"https:\/\/www.manfredihotels.com\/fr\/#\/schema\/logo\/image\/"}}]}},"publishpress_future_action":{"enabled":false,"date":"2026-05-04 06:05:39","action":"change-status","newStatus":"draft","terms":[],"taxonomy":"translation_priority"},"publishpress_future_workflow_manual_trigger":{"enabledWorkflows":[]},"_links":{"self":[{"href":"https:\/\/www.manfredihotels.com\/fr\/wp-json\/wp\/v2\/pages\/40809","targetHints":{"allow":["GET"]}}],"collection":[{"href":"https:\/\/www.manfredihotels.com\/fr\/wp-json\/wp\/v2\/pages"}],"about":[{"href":"https:\/\/www.manfredihotels.com\/fr\/wp-json\/wp\/v2\/types\/page"}],"author":[{"embeddable":true,"href":"https:\/\/www.manfredihotels.com\/fr\/wp-json\/wp\/v2\/users\/18"}],"replies":[{"embeddable":true,"href":"https:\/\/www.manfredihotels.com\/fr\/wp-json\/wp\/v2\/comments?post=40809"}],"version-history":[{"count":2,"href":"https:\/\/www.manfredihotels.com\/fr\/wp-json\/wp\/v2\/pages\/40809\/revisions"}],"predecessor-version":[{"id":41391,"href":"https:\/\/www.manfredihotels.com\/fr\/wp-json\/wp\/v2\/pages\/40809\/revisions\/41391"}],"wp:attachment":[{"href":"https:\/\/www.manfredihotels.com\/fr\/wp-json\/wp\/v2\/media?parent=40809"}],"curies":[{"name":"wp","href":"https:\/\/api.w.org\/{rel}","templated":true}]}}